{"id":2697,"date":"2021-05-15T12:02:05","date_gmt":"2021-05-15T11:02:05","guid":{"rendered":"https:\/\/www.veenstratechnology.nl\/?page_id=2697"},"modified":"2026-02-17T11:18:17","modified_gmt":"2026-02-17T10:18:17","slug":"bottom-entry-ruehrwerke","status":"publish","type":"page","link":"https:\/\/www.veenstratechnology.nl\/de\/unsere-produckte\/ruehrwerke\/bottom-entry-ruehrwerke\/","title":{"rendered":"Bottom Entry R\u00fchrwerke"},"content":{"rendered":"[vc_section full_width=&#8220;stretch_row&#8220; el_class=&#8220;veenstra__padding veenstra__header veenstra__boxed product&#8220; css=&#8220;.vc_custom_1614935926338{background: rgba(0,75,123,0.05) url(https:\/\/www.veenstratechnology.nl\/wp-content\/uploads\/2021\/03\/veenstra-technology-website-header-scaled.jpg?id=581) !important;background-position: center !important;background-repeat: no-repeat !important;background-size: cover !important;*background-color: rgb(0,75,123) !important;}&#8220;][vc_row content_placement=&#8220;middle&#8220; equal_height=&#8220;yes&#8220;][vc_column typography_style=&#8220;white&#8220; width=&#8220;7\/12&#8243;]<nav class=\"vcex-breadcrumbs wpex-mb-10\" style=\"font-size:12px;\"><span><span><a href=\"https:\/\/www.veenstratechnology.nl\/\">Home<\/a><\/span><\/span><\/nav>[vc_column_text]\n<h1>Bottom Entry R\u00fchrwerke<\/h1>\n<h4>R\u00fchrwerke<\/h4>\n[\/vc_column_text][\/vc_column][vc_column width=&#8220;1\/12&#8243;][\/vc_column][vc_column width=&#8220;4\/12&#8243; css=&#8220;.vc_custom_1614936092535{background-color: #f2f6f8 !important;}&#8220;][vc_column_text]\n<h3>Brauchen Sie Hilfe?<\/h3>\n[\/vc_column_text]<a href=\"mailto:technology@veenstragroup.nl\" class=\"vcex-button theme-button inline\" style=\"background:#004b7b;color:#ffffff;margin-top:10px;margin-right:10px;\" data-wpex-hover='{&quot;background&quot;:&quot;#ffffff&quot;,&quot;color&quot;:&quot;#004b7b&quot;}'><span class=\"theme-button-inner\">Uns Mailen<span class=\"vcex-icon-wrap theme-button-icon-right\"><span class=\"fas fa-envelope\" aria-hidden=\"true\"><\/span><\/span><\/span><\/a> <a href=\"tel:0524599333\" class=\"vcex-button theme-button inline\" style=\"background:#004b7b;color:#ffffff;margin-top:10px;\" data-wpex-hover='{&quot;background&quot;:&quot;#ffffff&quot;,&quot;color&quot;:&quot;#004b7b&quot;}'><span class=\"theme-button-inner\">Anrufen<span class=\"vcex-icon-wrap theme-button-icon-right\"><span class=\"fas fa-phone\" aria-hidden=\"true\"><\/span><\/span><\/span><\/a> [\/vc_column][\/vc_row][\/vc_section][vc_section el_class=&#8220;veenstra__padding veenstra__normal veenstra__product-grid&#8220;][vc_row][vc_column][vc_column_text]\n<h2>Unsere Bottom Entry R\u00fchrwerke<\/h2>\n<p>Suchen Sie ein R\u00fchrwerk mit unterem Eintritt? Wir helfen Ihnen gerne, das richtige R\u00fchrwerk zu finden. Nat\u00fcrlich k\u00f6nnen wir auch ein R\u00fchrwerk speziell und ganz nach Ihren W\u00fcnschen f\u00fcr Sie anfertigen. R\u00fchrwerke mit unterem Eintritt sind gut geeignet, wenn der Einbauraum f\u00fcr R\u00fchrwerke mit oberem Eintritt nicht ausreicht.[\/vc_column_text]<div class=\"vcex-module vcex-post-type-grid-wrap wpex-clr\"><div class=\"wpex-row vcex-post-type-grid entries wpex-clr\"><div class=\"vcex-post-type-entry vcex-grid-item wpex-clr col span_1_of_2 span_1_of_2_tp span_1_of_1_pl span_1_of_1_pp col-1 post-2699 entry type-page has-media cat-56 cat-52 translation_priority-87\"><div class=\"vcex-post-type-entry-inner entry-inner wpex-first-mt-0 wpex-last-mb-0 wpex-clr\"><div class=\"vcex-post-type-entry-media entry-media\"><a href=\"https:\/\/www.veenstratechnology.nl\/de\/unsere-produckte\/ruehrwerke\/bottom-entry-ruehrwerke\/bis-zu-5-000-liter\/\" title=\"Bis zu 5.000 Liter\"><img decoding=\"async\" loading=\"lazy\" class=\"vcex-blog-entry-img wpex-align-middle\" src=\"https:\/\/www.veenstratechnology.nl\/wp-content\/uploads\/2021\/03\/BEA1-900x600-1.png\" alt=\"\" width=\"900\" height=\"600\" \/><\/a><\/div><div class=\"vcex-post-type-entry-details entry-details wpex-bordered wpex-first-mt-0 wpex-last-mb-0 wpex-clr vc_custom_1622194214426\"><h3 class=\"vcex-post-type-entry-title entry-title wpex-mb-5 wpex-child-inherit-color\"  style=\"margin-bottom:-10px;color:#004b7b;\"><a href=\"https:\/\/www.veenstratechnology.nl\/de\/unsere-produckte\/ruehrwerke\/bottom-entry-ruehrwerke\/bis-zu-5-000-liter\/\">Bis zu 5.000 Liter<\/a><\/h3 ><div class=\"vcex-post-type-entry-excerpt entry-excerpt wpex-my-15 wpex-last-mb-0 wpex-clr\" style=\"font-size:14px;\">Dieses leichte Bodenr\u00fchrwerk kann zum R\u00fchren, Homogenisieren und zum Suspendieren verwendet werden.<\/div><div class=\"vcex-post-type-entry-readmore-wrap entry-readmore-wrap wpex-my-15 wpex-clr\"><a href=\"https:\/\/www.veenstratechnology.nl\/de\/unsere-produckte\/ruehrwerke\/bottom-entry-ruehrwerke\/bis-zu-5-000-liter\/\" class=\"theme-button\">Produkte anzeigen<\/a><\/div><\/div><\/div><\/div><div class=\"vcex-post-type-entry vcex-grid-item wpex-clr col span_1_of_2 span_1_of_2_tp span_1_of_1_pl span_1_of_1_pp col-2 post-2702 entry type-page has-media cat-56 cat-52 translation_priority-87\"><div class=\"vcex-post-type-entry-inner entry-inner wpex-first-mt-0 wpex-last-mb-0 wpex-clr\"><div class=\"vcex-post-type-entry-media entry-media\"><a href=\"https:\/\/www.veenstratechnology.nl\/de\/unsere-produckte\/ruehrwerke\/bottom-entry-ruehrwerke\/bis-zu-15-000-liter\/\" title=\"Bis zu 15.000 Liter\"><img decoding=\"async\" loading=\"lazy\" class=\"vcex-blog-entry-img wpex-align-middle\" src=\"https:\/\/www.veenstratechnology.nl\/wp-content\/uploads\/2021\/03\/BEA2-900x600-1.png\" alt=\"\" width=\"900\" height=\"600\" \/><\/a><\/div><div class=\"vcex-post-type-entry-details entry-details wpex-bordered wpex-first-mt-0 wpex-last-mb-0 wpex-clr vc_custom_1622194214426\"><h3 class=\"vcex-post-type-entry-title entry-title wpex-mb-5 wpex-child-inherit-color\"  style=\"margin-bottom:-10px;color:#004b7b;\"><a href=\"https:\/\/www.veenstratechnology.nl\/de\/unsere-produckte\/ruehrwerke\/bottom-entry-ruehrwerke\/bis-zu-15-000-liter\/\">Bis zu 15.000 Liter<\/a><\/h3 ><div class=\"vcex-post-type-entry-excerpt entry-excerpt wpex-my-15 wpex-last-mb-0 wpex-clr\" style=\"font-size:14px;\">Die Bottom Entry R\u00fchrwerke sind geeignet zum Suspendieren, Mischen, Dispergieren und Emulgieren von Fl\u00fcssigkeiten.<\/div><div class=\"vcex-post-type-entry-readmore-wrap entry-readmore-wrap wpex-my-15 wpex-clr\"><a href=\"https:\/\/www.veenstratechnology.nl\/de\/unsere-produckte\/ruehrwerke\/bottom-entry-ruehrwerke\/bis-zu-15-000-liter\/\" class=\"theme-button\">Produkte anzeigen<\/a><\/div><\/div><\/div><\/div><div class=\"vcex-post-type-entry vcex-grid-item wpex-clr col span_1_of_2 span_1_of_2_tp span_1_of_1_pl span_1_of_1_pp col-1 post-2705 entry type-page has-media cat-56 cat-52 translation_priority-87\"><div class=\"vcex-post-type-entry-inner entry-inner wpex-first-mt-0 wpex-last-mb-0 wpex-clr\"><div class=\"vcex-post-type-entry-media entry-media\"><a href=\"https:\/\/www.veenstratechnology.nl\/de\/unsere-produckte\/ruehrwerke\/bottom-entry-ruehrwerke\/mehr-als-15-000-liter\/\" title=\"Mehr als 15.000 Liter\"><img decoding=\"async\" loading=\"lazy\" class=\"vcex-blog-entry-img wpex-align-middle\" src=\"https:\/\/www.veenstratechnology.nl\/wp-content\/uploads\/2021\/04\/BEA3-900x600-1.png\" alt=\"\" width=\"900\" height=\"600\" \/><\/a><\/div><div class=\"vcex-post-type-entry-details entry-details wpex-bordered wpex-first-mt-0 wpex-last-mb-0 wpex-clr vc_custom_1622194214426\"><h3 class=\"vcex-post-type-entry-title entry-title wpex-mb-5 wpex-child-inherit-color\"  style=\"margin-bottom:-10px;color:#004b7b;\"><a href=\"https:\/\/www.veenstratechnology.nl\/de\/unsere-produckte\/ruehrwerke\/bottom-entry-ruehrwerke\/mehr-als-15-000-liter\/\">Mehr als 15.000 Liter<\/a><\/h3 ><div class=\"vcex-post-type-entry-excerpt entry-excerpt wpex-my-15 wpex-last-mb-0 wpex-clr\" style=\"font-size:14px;\">Diese Bottom Entry R\u00fchrwerke werden zum Homogenisieren, Flockieren, Suspendieren, R\u00fchren und W\u00e4rmetransport eingesetzt. <\/div><div class=\"vcex-post-type-entry-readmore-wrap entry-readmore-wrap wpex-my-15 wpex-clr\"><a href=\"https:\/\/www.veenstratechnology.nl\/de\/unsere-produckte\/ruehrwerke\/bottom-entry-ruehrwerke\/mehr-als-15-000-liter\/\" class=\"theme-button\">Produkte anzeigen<\/a><\/div><\/div><\/div><\/div><\/div><\/div>[\/vc_column][\/vc_row][\/vc_section][vc_section full_width=&#8220;stretch_row&#8220; el_class=&#8220;veenstra__padding veenstra__footer veenstra__boxed product&#8220; css=&#8220;.vc_custom_1614936142813{background-color: rgba(0,75,123,0.05) !important;*background-color: rgb(0,75,123) !important;}&#8220;][vc_row equal_height=&#8220;yes&#8220;][vc_column width=&#8220;7\/12&#8243;][vc_column_text]\n<h3><strong>Weitere Infos zu Bottom Entry R\u00fchrwerke?<\/strong><\/h3>\n<p>K\u00f6nnen Sie nicht finden wonach Sie suchen? Ist Ihr R\u00fchrer oder Mischer nicht aufgef\u00fchrt oder haben Sie andere Anforderungen? Bitte stellen Sie Ihre Fragen per E-Mail oder Telefon. <strong>Wir entwickeln gerne ein R\u00fchrer f\u00fcr Sie!<\/strong>[\/vc_column_text][\/vc_column][vc_column width=&#8220;1\/12&#8243;][\/vc_column][vc_column typography_style=&#8220;white&#8220; width=&#8220;4\/12&#8243; css=&#8220;.vc_custom_1614936164894{background-color: #004b7b !important;}&#8220;][vc_column_text]\n<h3>Uns kontaktieren<\/h3>\n[\/vc_column_text]<a href=\"mailto:technology@veenstragroup.nl\" class=\"vcex-button theme-button inline\" style=\"background:#ffffff;color:#004b7b;margin-top:10px;margin-right:10px;\" data-wpex-hover='{&quot;background&quot;:&quot;#004b7b&quot;,&quot;color&quot;:&quot;#ffffff&quot;}'><span class=\"theme-button-inner\">Uns Mailen<span class=\"vcex-icon-wrap theme-button-icon-right\"><span class=\"fas fa-envelope\" aria-hidden=\"true\"><\/span><\/span><\/span><\/a> <a href=\"tel:0524599333\" class=\"vcex-button theme-button inline\" style=\"background:#ffffff;color:#004b7b;margin-top:10px;\" data-wpex-hover='{&quot;background&quot;:&quot;#004b7b&quot;,&quot;color&quot;:&quot;#ffffff&quot;}'><span class=\"theme-button-inner\">Anrufen<span class=\"vcex-icon-wrap theme-button-icon-right\"><span class=\"fas fa-phone\" aria-hidden=\"true\"><\/span><\/span><\/span><\/a> [\/vc_column][\/vc_row][\/vc_section]\n","protected":false},"excerpt":{"rendered":"<p>R\u00fchrwerke mit unterem Eintritt sind gut geeignet, wenn der Einbauraum f\u00fcr R\u00fchrwerke mit oberem Eintritt nicht ausreicht.<\/p>\n","protected":false},"author":11,"featured_media":1189,"parent":2673,"menu_order":149,"comment_status":"closed","ping_status":"closed","template":"","meta":{"footnotes":""},"categories":[104],"class_list":["post-2697","page","type-page","status-publish","has-post-thumbnail","hentry","category-flanschruhrwerke","entry","has-media"],"yoast_head":"<!-- This site is optimized with the Yoast SEO plugin v27.3 - https:\/\/yoast.com\/product\/yoast-seo-wordpress\/ -->\n<title>Bottom Entry R\u00fchrwerke | Veenstra Technology<\/title>\n<meta name=\"description\" content=\"Suchen Sie ein R\u00fchrwerk mit unterem Eintritt? Wir helfen Ihnen gerne, das richtige R\u00fchrwerk zu finden.\" \/>\n<meta name=\"robots\" content=\"index, follow, max-snippet:-1, max-image-preview:large, max-video-preview:-1\" \/>\n<link rel=\"canonical\" href=\"https:\/\/www.veenstratechnology.nl\/de\/unsere-produckte\/ruehrwerke\/bottom-entry-ruehrwerke\/\" \/>\n<meta property=\"og:locale\" content=\"de_DE\" \/>\n<meta property=\"og:type\" content=\"article\" \/>\n<meta property=\"og:title\" content=\"Bottom Entry R\u00fchrwerke | Veenstra Technology\" \/>\n<meta property=\"og:description\" content=\"Suchen Sie ein R\u00fchrwerk mit unterem Eintritt? Wir helfen Ihnen gerne, das richtige R\u00fchrwerk zu finden.\" \/>\n<meta property=\"og:url\" content=\"https:\/\/www.veenstratechnology.nl\/de\/unsere-produckte\/ruehrwerke\/bottom-entry-ruehrwerke\/\" \/>\n<meta property=\"og:site_name\" content=\"Veenstra Technology\" \/>\n<meta property=\"article:modified_time\" content=\"2026-02-17T10:18:17+00:00\" \/>\n<meta property=\"og:image\" content=\"https:\/\/www.veenstratechnology.nl\/wp-content\/uploads\/2021\/03\/Bottom-Entry.png\" \/>\n\t<meta property=\"og:image:width\" content=\"900\" \/>\n\t<meta property=\"og:image:height\" content=\"600\" \/>\n\t<meta property=\"og:image:type\" content=\"image\/png\" \/>\n<meta name=\"twitter:card\" content=\"summary_large_image\" \/>\n<meta name=\"twitter:label1\" content=\"Gesch\u00e4tzte Lesezeit\" \/>\n\t<meta name=\"twitter:data1\" content=\"1\u00a0Minute\" \/>\n<script type=\"application\/ld+json\" class=\"yoast-schema-graph\">{\"@context\":\"https:\\\/\\\/schema.org\",\"@graph\":[{\"@type\":\"WebPage\",\"@id\":\"https:\\\/\\\/www.veenstratechnology.nl\\\/de\\\/unsere-produckte\\\/ruehrwerke\\\/bottom-entry-ruehrwerke\\\/\",\"url\":\"https:\\\/\\\/www.veenstratechnology.nl\\\/de\\\/unsere-produckte\\\/ruehrwerke\\\/bottom-entry-ruehrwerke\\\/\",\"name\":\"Bottom Entry R\u00fchrwerke | Veenstra Technology\",\"isPartOf\":{\"@id\":\"https:\\\/\\\/www.veenstratechnology.nl\\\/de\\\/#website\"},\"primaryImageOfPage\":{\"@id\":\"https:\\\/\\\/www.veenstratechnology.nl\\\/de\\\/unsere-produckte\\\/ruehrwerke\\\/bottom-entry-ruehrwerke\\\/#primaryimage\"},\"image\":{\"@id\":\"https:\\\/\\\/www.veenstratechnology.nl\\\/de\\\/unsere-produckte\\\/ruehrwerke\\\/bottom-entry-ruehrwerke\\\/#primaryimage\"},\"thumbnailUrl\":\"https:\\\/\\\/www.veenstratechnology.nl\\\/wp-content\\\/uploads\\\/2021\\\/03\\\/Bottom-Entry.png\",\"datePublished\":\"2021-05-15T11:02:05+00:00\",\"dateModified\":\"2026-02-17T10:18:17+00:00\",\"description\":\"Suchen Sie ein R\u00fchrwerk mit unterem Eintritt? Wir helfen Ihnen gerne, das richtige R\u00fchrwerk zu finden.\",\"breadcrumb\":{\"@id\":\"https:\\\/\\\/www.veenstratechnology.nl\\\/de\\\/unsere-produckte\\\/ruehrwerke\\\/bottom-entry-ruehrwerke\\\/#breadcrumb\"},\"inLanguage\":\"de\",\"potentialAction\":[{\"@type\":\"ReadAction\",\"target\":[\"https:\\\/\\\/www.veenstratechnology.nl\\\/de\\\/unsere-produckte\\\/ruehrwerke\\\/bottom-entry-ruehrwerke\\\/\"]}]},{\"@type\":\"ImageObject\",\"inLanguage\":\"de\",\"@id\":\"https:\\\/\\\/www.veenstratechnology.nl\\\/de\\\/unsere-produckte\\\/ruehrwerke\\\/bottom-entry-ruehrwerke\\\/#primaryimage\",\"url\":\"https:\\\/\\\/www.veenstratechnology.nl\\\/wp-content\\\/uploads\\\/2021\\\/03\\\/Bottom-Entry.png\",\"contentUrl\":\"https:\\\/\\\/www.veenstratechnology.nl\\\/wp-content\\\/uploads\\\/2021\\\/03\\\/Bottom-Entry.png\",\"width\":900,\"height\":600},{\"@type\":\"BreadcrumbList\",\"@id\":\"https:\\\/\\\/www.veenstratechnology.nl\\\/de\\\/unsere-produckte\\\/ruehrwerke\\\/bottom-entry-ruehrwerke\\\/#breadcrumb\",\"itemListElement\":[{\"@type\":\"ListItem\",\"position\":1,\"name\":\"Home\",\"item\":\"https:\\\/\\\/www.veenstratechnology.nl\\\/\"},{\"@type\":\"ListItem\",\"position\":2,\"name\":\"Unsere Produkte\",\"item\":\"https:\\\/\\\/www.veenstratechnology.nl\\\/onze-producten\\\/\"},{\"@type\":\"ListItem\",\"position\":3,\"name\":\"R\u00fchrwerke\",\"item\":\"https:\\\/\\\/www.veenstratechnology.nl\\\/de\\\/unsere-produckte\\\/ruehrwerke\\\/\"},{\"@type\":\"ListItem\",\"position\":4,\"name\":\"Bottom Entry R\u00fchrwerke\"}]},{\"@type\":\"WebSite\",\"@id\":\"https:\\\/\\\/www.veenstratechnology.nl\\\/de\\\/#website\",\"url\":\"https:\\\/\\\/www.veenstratechnology.nl\\\/de\\\/\",\"name\":\"Veenstra Technology\",\"description\":\"\",\"publisher\":{\"@id\":\"https:\\\/\\\/www.veenstratechnology.nl\\\/de\\\/#organization\"},\"potentialAction\":[{\"@type\":\"SearchAction\",\"target\":{\"@type\":\"EntryPoint\",\"urlTemplate\":\"https:\\\/\\\/www.veenstratechnology.nl\\\/de\\\/?s={search_term_string}\"},\"query-input\":{\"@type\":\"PropertyValueSpecification\",\"valueRequired\":true,\"valueName\":\"search_term_string\"}}],\"inLanguage\":\"de\"},{\"@type\":\"Organization\",\"@id\":\"https:\\\/\\\/www.veenstratechnology.nl\\\/de\\\/#organization\",\"name\":\"Veenstra Technology\",\"url\":\"https:\\\/\\\/www.veenstratechnology.nl\\\/de\\\/\",\"logo\":{\"@type\":\"ImageObject\",\"inLanguage\":\"de\",\"@id\":\"https:\\\/\\\/www.veenstratechnology.nl\\\/de\\\/#\\\/schema\\\/logo\\\/image\\\/\",\"url\":\"https:\\\/\\\/www.veenstratechnology.nl\\\/wp-content\\\/uploads\\\/2021\\\/02\\\/veenstra-technology-logo-fullcolor.svg\",\"contentUrl\":\"https:\\\/\\\/www.veenstratechnology.nl\\\/wp-content\\\/uploads\\\/2021\\\/02\\\/veenstra-technology-logo-fullcolor.svg\",\"width\":1,\"height\":1,\"caption\":\"Veenstra Technology\"},\"image\":{\"@id\":\"https:\\\/\\\/www.veenstratechnology.nl\\\/de\\\/#\\\/schema\\\/logo\\\/image\\\/\"}}]}<\/script>\n<!-- \/ Yoast SEO plugin. -->","yoast_head_json":{"title":"Bottom Entry R\u00fchrwerke | Veenstra Technology","description":"Suchen Sie ein R\u00fchrwerk mit unterem Eintritt? Wir helfen Ihnen gerne, das richtige R\u00fchrwerk zu finden.","robots":{"index":"index","follow":"follow","max-snippet":"max-snippet:-1","max-image-preview":"max-image-preview:large","max-video-preview":"max-video-preview:-1"},"canonical":"https:\/\/www.veenstratechnology.nl\/de\/unsere-produckte\/ruehrwerke\/bottom-entry-ruehrwerke\/","og_locale":"de_DE","og_type":"article","og_title":"Bottom Entry R\u00fchrwerke | Veenstra Technology","og_description":"Suchen Sie ein R\u00fchrwerk mit unterem Eintritt? Wir helfen Ihnen gerne, das richtige R\u00fchrwerk zu finden.","og_url":"https:\/\/www.veenstratechnology.nl\/de\/unsere-produckte\/ruehrwerke\/bottom-entry-ruehrwerke\/","og_site_name":"Veenstra Technology","article_modified_time":"2026-02-17T10:18:17+00:00","og_image":[{"width":900,"height":600,"url":"https:\/\/www.veenstratechnology.nl\/wp-content\/uploads\/2021\/03\/Bottom-Entry.png","type":"image\/png"}],"twitter_card":"summary_large_image","twitter_misc":{"Gesch\u00e4tzte Lesezeit":"1\u00a0Minute"},"schema":{"@context":"https:\/\/schema.org","@graph":[{"@type":"WebPage","@id":"https:\/\/www.veenstratechnology.nl\/de\/unsere-produckte\/ruehrwerke\/bottom-entry-ruehrwerke\/","url":"https:\/\/www.veenstratechnology.nl\/de\/unsere-produckte\/ruehrwerke\/bottom-entry-ruehrwerke\/","name":"Bottom Entry R\u00fchrwerke | Veenstra Technology","isPartOf":{"@id":"https:\/\/www.veenstratechnology.nl\/de\/#website"},"primaryImageOfPage":{"@id":"https:\/\/www.veenstratechnology.nl\/de\/unsere-produckte\/ruehrwerke\/bottom-entry-ruehrwerke\/#primaryimage"},"image":{"@id":"https:\/\/www.veenstratechnology.nl\/de\/unsere-produckte\/ruehrwerke\/bottom-entry-ruehrwerke\/#primaryimage"},"thumbnailUrl":"https:\/\/www.veenstratechnology.nl\/wp-content\/uploads\/2021\/03\/Bottom-Entry.png","datePublished":"2021-05-15T11:02:05+00:00","dateModified":"2026-02-17T10:18:17+00:00","description":"Suchen Sie ein R\u00fchrwerk mit unterem Eintritt? Wir helfen Ihnen gerne, das richtige R\u00fchrwerk zu finden.","breadcrumb":{"@id":"https:\/\/www.veenstratechnology.nl\/de\/unsere-produckte\/ruehrwerke\/bottom-entry-ruehrwerke\/#breadcrumb"},"inLanguage":"de","potentialAction":[{"@type":"ReadAction","target":["https:\/\/www.veenstratechnology.nl\/de\/unsere-produckte\/ruehrwerke\/bottom-entry-ruehrwerke\/"]}]},{"@type":"ImageObject","inLanguage":"de","@id":"https:\/\/www.veenstratechnology.nl\/de\/unsere-produckte\/ruehrwerke\/bottom-entry-ruehrwerke\/#primaryimage","url":"https:\/\/www.veenstratechnology.nl\/wp-content\/uploads\/2021\/03\/Bottom-Entry.png","contentUrl":"https:\/\/www.veenstratechnology.nl\/wp-content\/uploads\/2021\/03\/Bottom-Entry.png","width":900,"height":600},{"@type":"BreadcrumbList","@id":"https:\/\/www.veenstratechnology.nl\/de\/unsere-produckte\/ruehrwerke\/bottom-entry-ruehrwerke\/#breadcrumb","itemListElement":[{"@type":"ListItem","position":1,"name":"Home","item":"https:\/\/www.veenstratechnology.nl\/"},{"@type":"ListItem","position":2,"name":"Unsere Produkte","item":"https:\/\/www.veenstratechnology.nl\/onze-producten\/"},{"@type":"ListItem","position":3,"name":"R\u00fchrwerke","item":"https:\/\/www.veenstratechnology.nl\/de\/unsere-produckte\/ruehrwerke\/"},{"@type":"ListItem","position":4,"name":"Bottom Entry R\u00fchrwerke"}]},{"@type":"WebSite","@id":"https:\/\/www.veenstratechnology.nl\/de\/#website","url":"https:\/\/www.veenstratechnology.nl\/de\/","name":"Veenstra Technology","description":"","publisher":{"@id":"https:\/\/www.veenstratechnology.nl\/de\/#organization"},"potentialAction":[{"@type":"SearchAction","target":{"@type":"EntryPoint","urlTemplate":"https:\/\/www.veenstratechnology.nl\/de\/?s={search_term_string}"},"query-input":{"@type":"PropertyValueSpecification","valueRequired":true,"valueName":"search_term_string"}}],"inLanguage":"de"},{"@type":"Organization","@id":"https:\/\/www.veenstratechnology.nl\/de\/#organization","name":"Veenstra Technology","url":"https:\/\/www.veenstratechnology.nl\/de\/","logo":{"@type":"ImageObject","inLanguage":"de","@id":"https:\/\/www.veenstratechnology.nl\/de\/#\/schema\/logo\/image\/","url":"https:\/\/www.veenstratechnology.nl\/wp-content\/uploads\/2021\/02\/veenstra-technology-logo-fullcolor.svg","contentUrl":"https:\/\/www.veenstratechnology.nl\/wp-content\/uploads\/2021\/02\/veenstra-technology-logo-fullcolor.svg","width":1,"height":1,"caption":"Veenstra Technology"},"image":{"@id":"https:\/\/www.veenstratechnology.nl\/de\/#\/schema\/logo\/image\/"}}]}},"_links":{"self":[{"href":"https:\/\/www.veenstratechnology.nl\/de\/wp-json\/wp\/v2\/pages\/2697","targetHints":{"allow":["GET"]}}],"collection":[{"href":"https:\/\/www.veenstratechnology.nl\/de\/wp-json\/wp\/v2\/pages"}],"about":[{"href":"https:\/\/www.veenstratechnology.nl\/de\/wp-json\/wp\/v2\/types\/page"}],"author":[{"embeddable":true,"href":"https:\/\/www.veenstratechnology.nl\/de\/wp-json\/wp\/v2\/users\/11"}],"replies":[{"embeddable":true,"href":"https:\/\/www.veenstratechnology.nl\/de\/wp-json\/wp\/v2\/comments?post=2697"}],"version-history":[{"count":14,"href":"https:\/\/www.veenstratechnology.nl\/de\/wp-json\/wp\/v2\/pages\/2697\/revisions"}],"predecessor-version":[{"id":3537,"href":"https:\/\/www.veenstratechnology.nl\/de\/wp-json\/wp\/v2\/pages\/2697\/revisions\/3537"}],"up":[{"embeddable":true,"href":"https:\/\/www.veenstratechnology.nl\/de\/wp-json\/wp\/v2\/pages\/2673"}],"wp:featuredmedia":[{"embeddable":true,"href":"https:\/\/www.veenstratechnology.nl\/de\/wp-json\/wp\/v2\/media\/1189"}],"wp:attachment":[{"href":"https:\/\/www.veenstratechnology.nl\/de\/wp-json\/wp\/v2\/media?parent=2697"}],"wp:term":[{"taxonomy":"category","embeddable":true,"href":"https:\/\/www.veenstratechnology.nl\/de\/wp-json\/wp\/v2\/categories?post=2697"}],"curies":[{"name":"wp","href":"https:\/\/api.w.org\/{rel}","templated":true}]}}