{"id":2737,"date":"2021-05-15T13:16:13","date_gmt":"2021-05-15T12:16:13","guid":{"rendered":"https:\/\/www.veenstratechnology.nl\/?page_id=2737"},"modified":"2026-03-09T09:40:28","modified_gmt":"2026-03-09T08:40:28","slug":"ibc-mischer","status":"publish","type":"page","link":"https:\/\/www.veenstratechnology.nl\/de\/kompaktmischer\/ibc-mischer\/","title":{"rendered":"IBC-Mischer"},"content":{"rendered":"[vc_section full_width=&#8220;stretch_row&#8220; el_class=&#8220;veenstra__padding veenstra__header veenstra__boxed product&#8220; css=&#8220;.vc_custom_1614935926338{background: rgba(0,75,123,0.05) url(https:\/\/www.veenstratechnology.nl\/wp-content\/uploads\/2021\/03\/veenstra-technology-website-header-scaled.jpg?id=581) !important;background-position: center !important;background-repeat: no-repeat !important;background-size: cover !important;*background-color: rgb(0,75,123) !important;}&#8220;][vc_row content_placement=&#8220;middle&#8220; equal_height=&#8220;yes&#8220;][vc_column typography_style=&#8220;white&#8220; width=&#8220;7\/12&#8243;]<nav class=\"vcex-breadcrumbs wpex-mb-10\" style=\"font-size:12px;\"><span><span><a href=\"https:\/\/www.veenstratechnology.nl\/\">Home<\/a><\/span><\/span><\/nav>[vc_column_text]\n<h1>IBC-Mischer<\/h1>\n<h4>Portable mengers: uw idealTragbare Mischer: Ihre ideale Mischl\u00f6sunge mengoplossing<\/h4>\n[\/vc_column_text][\/vc_column][vc_column width=&#8220;1\/12&#8243;][\/vc_column][vc_column width=&#8220;4\/12&#8243; css=&#8220;.vc_custom_1614936092535{background-color: #f2f6f8 !important;}&#8220;][vc_column_text]\n<h3>Brauchen Sie Hilfe?<\/h3>\n[\/vc_column_text]<a href=\"mailto:technology@veenstragroup.nl\" class=\"vcex-button theme-button inline\" style=\"background:#004b7b;color:#ffffff;margin-top:10px;margin-right:10px;\" data-wpex-hover='{&quot;background&quot;:&quot;#ffffff&quot;,&quot;color&quot;:&quot;#004b7b&quot;}'><span class=\"theme-button-inner\">Uns Mailen<span class=\"vcex-icon-wrap theme-button-icon-right\"><span class=\"fas fa-envelope\" aria-hidden=\"true\"><\/span><\/span><\/span><\/a> <a href=\"tel:0524599333\" class=\"vcex-button theme-button inline\" style=\"background:#004b7b;color:#ffffff;margin-top:10px;\" data-wpex-hover='{&quot;background&quot;:&quot;#ffffff&quot;,&quot;color&quot;:&quot;#004b7b&quot;}'><span class=\"theme-button-inner\">Anrufen<span class=\"vcex-icon-wrap theme-button-icon-right\"><span class=\"fas fa-phone\" aria-hidden=\"true\"><\/span><\/span><\/span><\/a> [\/vc_column][\/vc_row][\/vc_section][vc_section el_class=&#8220;veenstra__padding veenstra__normal&#8220;][vc_row][vc_column width=&#8220;1\/2&#8243;]<div class=\"wpex-slider-preloaderimg\"><img loading=\"lazy\" decoding=\"async\" data-no-lazy=\"1\" class=\"skip-lazy\" src=\"https:\/\/www.veenstratechnology.nl\/wp-content\/uploads\/2021\/04\/IBC-menger2-800x800-1.png\" alt=\"\" width=\"800\" height=\"800\" \/><\/div><div class=\"vcex-module wpex-slider slider-pro vcex-image-slider wpex-clr wpex-lightbox-group\" data-fade=\"true\"  data-loop=\"true\" data-autoplay-on-hover=\"none\" data-auto-play-delay=\"5000\" data-buttons=\"false\" data-fade-arrows=\"false\" data-thumbnails=\"true\" data-animation-speed=\"600\" data-height-animation-duration=\"500\" data-thumbnail-height=\"100\" data-thumbnail-width=\"100\" data-show_title=\"false\"><div class=\"wpex-slider-slides sp-slides\"><div class=\"wpex-slider-slide sp-slide\"><div class=\"wpex-slider-media\"><a href=\"https:\/\/www.veenstratechnology.nl\/wp-content\/uploads\/2021\/04\/IBC-menger2-800x800-1.png\" class=\"vcex-flexslider-entry-img wpex-slider-media-link wpex-lightbox-group-item\"><img loading=\"lazy\" decoding=\"async\" data-no-lazy=\"1\" class=\"skip-lazy\" src=\"https:\/\/www.veenstratechnology.nl\/wp-content\/uploads\/2021\/04\/IBC-menger2-800x800-1.png\" alt=\"\" width=\"800\" height=\"800\" \/><\/a><\/div><\/div><div class=\"wpex-slider-slide sp-slide\"><div class=\"wpex-slider-media\"><a href=\"https:\/\/www.veenstratechnology.nl\/wp-content\/uploads\/2021\/04\/IBC-Menger-800x800-1.png\" class=\"vcex-flexslider-entry-img wpex-slider-media-link wpex-lightbox-group-item\"><img loading=\"lazy\" decoding=\"async\" data-no-lazy=\"1\" class=\"skip-lazy\" src=\"https:\/\/www.veenstratechnology.nl\/wp-content\/uploads\/2021\/04\/IBC-Menger-800x800-1.png\" alt=\"\" width=\"800\" height=\"800\" \/><\/a><\/div><\/div><\/div><div class=\"wpex-slider-thumbnails sp-thumbnails\"><img loading=\"lazy\" decoding=\"async\" data-no-lazy=\"1\" class=\"wpex-slider-thumbnail sp-thumbnail skip-lazy\" src=\"https:\/\/www.veenstratechnology.nl\/wp-content\/uploads\/2021\/04\/IBC-menger2-800x800-1.png\" alt=\"\" width=\"800\" height=\"800\" \/><img loading=\"lazy\" decoding=\"async\" data-no-lazy=\"1\" class=\"wpex-slider-thumbnail sp-thumbnail skip-lazy\" src=\"https:\/\/www.veenstratechnology.nl\/wp-content\/uploads\/2021\/04\/IBC-Menger-800x800-1.png\" alt=\"\" width=\"800\" height=\"800\" \/><\/div><\/div>[\/vc_column][vc_column width=&#8220;1\/2&#8243;][vc_column_text]\n<h4>IBC-Mischer<\/h4>\n<p><span style=\"font-weight: 400;\">Suchen Sie nach effizienten Mischl\u00f6sungen, die direkt auf IBC-Containern montiert werden k\u00f6nnen? IBC-Mischer von Veenstra Technology bieten hochwertige tragbare Mischger\u00e4te f\u00fcr eine gleichm\u00e4\u00dfige Homogenisierung von bis zu 1.000 Litern. Diese tragbaren Mischer eignen sich ideal f\u00fcr gelegentliche Anwendungen wie kleine Chargenproduktionen in industriellen Anwendungen, beispielsweise zum Mischen von Chemikalien, Lebensmitteln oder pharmazeutischen Fl\u00fcssigkeiten. IBC-Mischer sind n\u00fctzlich f\u00fcr flexible Produktionsprozesse, bei denen eine universelle Montage unerl\u00e4sslich ist. Sie zeichnen sich durch Vielseitigkeit, Zuverl\u00e4ssigkeit und Langlebigkeit f\u00fcr verschiedene industrielle Anwendungen aus. <\/span>[\/vc_column_text]<a href=\"https:\/\/www.veenstratechnology.nl\/wp-content\/uploads\/2021\/04\/Leaflet-PA-EN.pdf\" class=\"vcex-button theme-button inline\" style=\"background:#004b7b;color:#ffffff;margin-top:30px;\" data-wpex-hover='{&quot;background&quot;:&quot;#f2f6f8&quot;,&quot;color&quot;:&quot;#004b7b&quot;}'><span class=\"theme-button-inner\"><span class=\"vcex-icon-wrap theme-button-icon-left\"><span class=\"fas fa-download\" aria-hidden=\"true\"><\/span><\/span>Produktblatt herunterladen<\/span><\/a> <a href=\"#contactaanvraag\" class=\"vcex-button theme-button inline local-scroll-link\" style=\"background:#004b7b;color:#ffffff;margin-top:10px;\" data-wpex-hover='{&quot;background&quot;:&quot;#f2f6f8&quot;,&quot;color&quot;:&quot;#004b7b&quot;}'><span class=\"theme-button-inner\"><span class=\"vcex-icon-wrap theme-button-icon-left\"><span class=\"fas fa-arrow-right\" aria-hidden=\"true\"><\/span><\/span>Mehr Informationen anfordern<\/span><\/a> [\/vc_column][\/vc_row][vc_row][vc_column][vc_column_text]\n<h2><strong>Wichtigste Eigenschaften der IBC-Mischer<\/strong><\/h2>\n<ul>\n<li style=\"font-weight: 400;\" aria-level=\"1\">Universelle IBC-Montage: Entwickelt f\u00fcr die direkte Montage auf Standard-IBC-Containern f\u00fcr effiziente Mischprozesse.<\/li>\n<li style=\"font-weight: 400;\" aria-level=\"1\"><b>Robuuste materiaalkwaliteit:<\/b><span style=\"font-weight: 400;\"> RVS 304\/316L, Hastelloy, (Super) Duplex en Titanium voor duurzame prestaties;<\/span><\/li>\n<li style=\"font-weight: 400;\" aria-level=\"1\">Breiter Viskosit\u00e4tsbereich: Verarbeitet Fl\u00fcssigkeiten bis zu 30.000 cP f\u00fcr verschiedene Mischmedien von w\u00e4ssrig bis dickfl\u00fcssig.<\/li>\n<li style=\"font-weight: 400;\" aria-level=\"1\">Flexibler Antrieb: Elektrisch oder pneumatisch angetriebene Systeme mit Frequenzregelung und Steuerbox;<\/li>\n<li style=\"font-weight: 400;\" aria-level=\"1\">Vielseitige R\u00fchrelemente: Klappfl\u00fcgel, Propeller, Dispergierscheiben, Pitchbl\u00e4tter und Becherr\u00fchrer f\u00fcr optimale Mischleistung.<\/li>\n<\/ul>\n<h3><strong>Produktspezifikationen<\/strong><\/h3>\n[\/vc_column_text]<div class=\"vcex-shortcode wpex-clr veenstra__specs\"><\/div>[vc_column_text]\n<h2><strong>Die richtige L\u00f6sung f\u00fcr Ihre Mischbed\u00fcrfnisse bei Veenstra Technology<\/strong><\/h2>\n<p><span style=\"font-weight: 400;\">Veenstra Technology liefert hochwertige IBC-Mischer, die aus langlebigen Komponenten bestehen und f\u00fcr zuverl\u00e4ssige Leistung pr\u00e4zise gefertigt sind. Sie sind mit verschiedenen Bedienungsoptionen, Beschichtungen und Materialien vollst\u00e4ndig anpassbar, sodass sie genau zu Ihrem Prozess passen. Unsere IBC-Mischer sind ab sofort ab Lager ab 3000 \u20ac zzgl. MwSt. lieferbar. M\u00f6chten Sie mehr erfahren? Laden Sie die <\/span><a href=\"https:\/\/www.veenstratechnology.nl\/wp-content\/uploads\/2021\/04\/Leaflet-PA-EN.pdf\">Produktdatenblatt <\/a>oder <a href=\"https:\/\/www.veenstratechnology.nl\/de\/kontakt\/\">kontaktieren <\/a>Sie uns, um die beste Mischl\u00f6sung f\u00fcr Ihre Anwendung zu finden.[\/vc_column_text][\/vc_column][\/vc_row][\/vc_section][vc_section full_width=&#8220;stretch_row&#8220; el_class=&#8220;veenstra__padding veenstra__normal site-content&#8220; css=&#8220;.vc_custom_1615196728758{background-color: #004b7b !important;}&#8220; local_scroll_id=&#8220;contactaanvraag&#8220;][vc_row][vc_column typography_style=&#8220;white&#8220;][vc_column_text]\n<h4>Mehr Infos<\/h4>\n[\/vc_column_text]\n<div class=\"wpcf7 no-js\" id=\"wpcf7-f3038-o1\" lang=\"de-DE\" dir=\"ltr\" data-wpcf7-id=\"3038\">\n<div class=\"screen-reader-response\"><p role=\"status\" aria-live=\"polite\" aria-atomic=\"true\"><\/p> <ul><\/ul><\/div>\n<form action=\"\/de\/wp-json\/wp\/v2\/pages\/2737#wpcf7-f3038-o1\" method=\"post\" class=\"wpcf7-form init\" aria-label=\"Kontaktformular\" novalidate=\"novalidate\" data-status=\"init\">\n<fieldset class=\"hidden-fields-container\"><input type=\"hidden\" name=\"_wpcf7\" value=\"3038\" \/><input type=\"hidden\" name=\"_wpcf7_version\" value=\"6.1.5\" \/><input type=\"hidden\" name=\"_wpcf7_locale\" value=\"de_DE\" \/><input type=\"hidden\" name=\"_wpcf7_unit_tag\" value=\"wpcf7-f3038-o1\" \/><input type=\"hidden\" name=\"_wpcf7_container_post\" value=\"0\" \/><input type=\"hidden\" name=\"_wpcf7_posted_data_hash\" value=\"\" \/><input type=\"hidden\" name=\"_wpcf7_recaptcha_response\" value=\"\" \/>\n<\/fieldset>\n<div class=\"vc_row wpb_row vc_row-fluid\">\n\t<div class=\"vc_col-sm-6\">\n\t\t<p><label for=\"voornaam\">Vorname *<\/label><br \/>\n<span class=\"wpcf7-form-control-wrap\" data-name=\"voornaam\"><input size=\"40\" maxlength=\"400\" class=\"wpcf7-form-control wpcf7-text wpcf7-validates-as-required\" id=\"voornaam\" aria-required=\"true\" aria-invalid=\"false\" placeholder=\"Vorname\" value=\"\" type=\"text\" name=\"voornaam\" \/><\/span>\n\t\t<\/p>\n\t<\/div>\n\t<div class=\"vc_col-sm-6\">\n\t\t<p><label for=\"achternaam\">Nachname *<\/label><br \/>\n<span class=\"wpcf7-form-control-wrap\" data-name=\"achternaam\"><input size=\"40\" maxlength=\"400\" class=\"wpcf7-form-control wpcf7-text wpcf7-validates-as-required\" id=\"achternaam\" aria-required=\"true\" aria-invalid=\"false\" placeholder=\"Nachname\" value=\"\" type=\"text\" name=\"achternaam\" \/><\/span>\n\t\t<\/p>\n\t<\/div>\n<\/div>\n<div class=\"vc_row wpb_row vc_row-fluid\">\n\t<div class=\"vc_col-sm-6\">\n\t\t<p><label for=\"telefoonnummer\">Telefonnummer *<\/label><br \/>\n<span class=\"wpcf7-form-control-wrap\" data-name=\"telefoonnummer\"><input size=\"40\" maxlength=\"400\" class=\"wpcf7-form-control wpcf7-tel wpcf7-validates-as-required wpcf7-text wpcf7-validates-as-tel\" id=\"telefoonnummer\" aria-required=\"true\" aria-invalid=\"false\" placeholder=\"+49612345678\" value=\"\" type=\"tel\" name=\"telefoonnummer\" \/><\/span>\n\t\t<\/p>\n\t<\/div>\n\t<div class=\"vc_col-sm-6\">\n\t\t<p><label for=\"emailadres\">E-Mail-Addresse *<\/label><br \/>\n<span class=\"wpcf7-form-control-wrap\" data-name=\"emailadres\"><input size=\"40\" maxlength=\"400\" class=\"wpcf7-form-control wpcf7-email wpcf7-validates-as-required wpcf7-text wpcf7-validates-as-email\" id=\"emailadres\" aria-required=\"true\" aria-invalid=\"false\" placeholder=\"vorname.nachname@gmail.com\" value=\"\" type=\"email\" name=\"emailadres\" \/><\/span>\n\t\t<\/p>\n\t<\/div>\n<\/div>\n<div class=\"vc_row wpb_row vc_row-fluid\">\n\t<div class=\"vc_col-sm-12\">\n\t\t<p><label for=\"locatie\">Name der firma<\/label><br \/>\n<span class=\"wpcf7-form-control-wrap\" data-name=\"locatie\"><input size=\"40\" maxlength=\"400\" class=\"wpcf7-form-control wpcf7-text\" id=\"locatie\" aria-invalid=\"false\" placeholder=\"Veenstra Technology\" value=\"\" type=\"text\" name=\"locatie\" \/><\/span>\n\t\t<\/p>\n\t<\/div>\n<\/div>\n<div class=\"vc_row wpb_row vc_row-fluid\">\n\t<div class=\"vc_col-sm-12\">\n\t\t<p><label for=\"opmerking\">Frage oder bemerkung<\/label><br \/>\n<span class=\"wpcf7-form-control-wrap\" data-name=\"opmerking\"><textarea cols=\"40\" rows=\"10\" maxlength=\"2000\" class=\"wpcf7-form-control wpcf7-textarea\" id=\"opmerking\" aria-invalid=\"false\" placeholder=\"Geben Sie hier Ihre Frage oder Ihren Bemerkung ein\" name=\"opmerking\"><\/textarea><\/span>\n\t\t<\/p>\n\t<\/div>\n<\/div>\n<div class=\"vc_row wpb_row vc_row-fluid\">\n\t<div class=\"vc_col-sm-12\">\n\t\t<p><span class=\"wpcf7-form-control-wrap\" data-name=\"privacy\"><span class=\"wpcf7-form-control wpcf7-acceptance\"><span class=\"wpcf7-list-item\"><label><input type=\"checkbox\" name=\"privacy\" value=\"1\" id=\"privacy\" aria-invalid=\"false\" \/><span class=\"wpcf7-list-item-label\">Ich bin mit der Speicherung und Verarbeitung meiner Daten unter dem Namen Veenstra Technology einverstanden.<\/span><\/label><\/span><\/span><\/span>\n\t\t<\/p>\n\t<\/div>\n<\/div>\n<div class=\"vc_row wpb_row vc_row-fluid\">\n\t<div class=\"vc_col-sm-12\">\n\t\t<p><span class=\"google__captcha\">Diese Website ist durch reCAPTCHA gesch\u00fctzt und es gelten die Google-<a href=\"https:\/\/policies.google.com\/privacy\" target=\"_blank\">Datenschutzbestimmungen<\/a> und <a href=\"https:\/\/policies.google.com\/terms\" target=\"_blank\">Nutzungsbedingungen<\/a>.<\/span>\n\t\t<\/p>\n\t<\/div>\n<\/div>\n<div class=\"vc_row wpb_row vc_row-fluid\">\n\t<div class=\"vc_col-sm-12\">\n\t\t<p><input class=\"wpcf7-form-control wpcf7-submit has-spinner\" type=\"submit\" value=\"Anfrage absenden\" \/>\n\t\t<\/p>\n\t<\/div>\n<\/div><div class=\"wpcf7-response-output\" aria-hidden=\"true\"><\/div>\n<\/form>\n<\/div>\n[\/vc_column][\/vc_row][\/vc_section]\n","protected":false},"excerpt":{"rendered":"<p>Mische mit einem tragbaren IBC-Mischer in k\u00fcrzester Zeit deine Fl\u00fcssigkeit, Pulver oder Granulate zu einer homogenen Mischung. Kontaktiere uns f\u00fcr weitere Informationen und M\u00f6glichkeiten.<\/p>\n","protected":false},"author":11,"featured_media":1885,"parent":2726,"menu_order":232,"comment_status":"closed","ping_status":"closed","template":"","meta":{"footnotes":""},"categories":[68],"class_list":["post-2737","page","type-page","status-publish","has-post-thumbnail","hentry","category-kompaktmischer","entry","has-media"],"yoast_head":"<!-- This site is optimized with the Yoast SEO plugin v27.3 - https:\/\/yoast.com\/product\/yoast-seo-wordpress\/ -->\n<title>Tragbare IBC-Mischer | Veenstra Technology<\/title>\n<meta name=\"description\" content=\"Unsere IBC-Mischer sind aus langlebigen Materialien gefertigt, f\u00fcr Volumina bis zu 1000 Litern geeignet und ideal f\u00fcr Ihre Bed\u00fcrfnisse. Kontaktieren Sie uns.\" \/>\n<meta name=\"robots\" content=\"index, follow, max-snippet:-1, max-image-preview:large, max-video-preview:-1\" \/>\n<link rel=\"canonical\" href=\"https:\/\/www.veenstratechnology.nl\/de\/unsere-produckte\/ruehrwerke\/kompaktmischer\/ibc-mischer\/\" \/>\n<meta property=\"og:locale\" content=\"de_DE\" \/>\n<meta property=\"og:type\" content=\"article\" \/>\n<meta property=\"og:title\" content=\"Tragbare IBC-Mischer | Veenstra Technology\" \/>\n<meta property=\"og:description\" content=\"Unsere IBC-Mischer sind aus langlebigen Materialien gefertigt, f\u00fcr Volumina bis zu 1000 Litern geeignet und ideal f\u00fcr Ihre Bed\u00fcrfnisse. Kontaktieren Sie uns.\" \/>\n<meta property=\"og:url\" content=\"https:\/\/www.veenstratechnology.nl\/de\/unsere-produckte\/ruehrwerke\/kompaktmischer\/ibc-mischer\/\" \/>\n<meta property=\"og:site_name\" content=\"Veenstra Technology\" \/>\n<meta property=\"article:modified_time\" content=\"2026-03-09T08:40:28+00:00\" \/>\n<meta property=\"og:image\" content=\"https:\/\/www.veenstratechnology.nl\/wp-content\/uploads\/2021\/04\/IBC-menger-900x600-1.png\" \/>\n\t<meta property=\"og:image:width\" content=\"900\" \/>\n\t<meta property=\"og:image:height\" content=\"600\" \/>\n\t<meta property=\"og:image:type\" content=\"image\/png\" \/>\n<meta name=\"twitter:card\" content=\"summary_large_image\" \/>\n<meta name=\"twitter:label1\" content=\"Gesch\u00e4tzte Lesezeit\" \/>\n\t<meta name=\"twitter:data1\" content=\"2\u00a0Minuten\" \/>\n<script type=\"application\/ld+json\" class=\"yoast-schema-graph\">{\"@context\":\"https:\\\/\\\/schema.org\",\"@graph\":[{\"@type\":\"WebPage\",\"@id\":\"https:\\\/\\\/www.veenstratechnology.nl\\\/de\\\/unsere-produckte\\\/ruehrwerke\\\/kompaktmischer\\\/ibc-mischer\\\/\",\"url\":\"https:\\\/\\\/www.veenstratechnology.nl\\\/de\\\/unsere-produckte\\\/ruehrwerke\\\/kompaktmischer\\\/ibc-mischer\\\/\",\"name\":\"Tragbare IBC-Mischer | Veenstra Technology\",\"isPartOf\":{\"@id\":\"https:\\\/\\\/www.veenstratechnology.nl\\\/de\\\/#website\"},\"primaryImageOfPage\":{\"@id\":\"https:\\\/\\\/www.veenstratechnology.nl\\\/de\\\/unsere-produckte\\\/ruehrwerke\\\/kompaktmischer\\\/ibc-mischer\\\/#primaryimage\"},\"image\":{\"@id\":\"https:\\\/\\\/www.veenstratechnology.nl\\\/de\\\/unsere-produckte\\\/ruehrwerke\\\/kompaktmischer\\\/ibc-mischer\\\/#primaryimage\"},\"thumbnailUrl\":\"https:\\\/\\\/www.veenstratechnology.nl\\\/wp-content\\\/uploads\\\/2021\\\/04\\\/IBC-menger-900x600-1.png\",\"datePublished\":\"2021-05-15T12:16:13+00:00\",\"dateModified\":\"2026-03-09T08:40:28+00:00\",\"description\":\"Unsere IBC-Mischer sind aus langlebigen Materialien gefertigt, f\u00fcr Volumina bis zu 1000 Litern geeignet und ideal f\u00fcr Ihre Bed\u00fcrfnisse. Kontaktieren Sie uns.\",\"breadcrumb\":{\"@id\":\"https:\\\/\\\/www.veenstratechnology.nl\\\/de\\\/unsere-produckte\\\/ruehrwerke\\\/kompaktmischer\\\/ibc-mischer\\\/#breadcrumb\"},\"inLanguage\":\"de\",\"potentialAction\":[{\"@type\":\"ReadAction\",\"target\":[\"https:\\\/\\\/www.veenstratechnology.nl\\\/de\\\/unsere-produckte\\\/ruehrwerke\\\/kompaktmischer\\\/ibc-mischer\\\/\"]}]},{\"@type\":\"ImageObject\",\"inLanguage\":\"de\",\"@id\":\"https:\\\/\\\/www.veenstratechnology.nl\\\/de\\\/unsere-produckte\\\/ruehrwerke\\\/kompaktmischer\\\/ibc-mischer\\\/#primaryimage\",\"url\":\"https:\\\/\\\/www.veenstratechnology.nl\\\/wp-content\\\/uploads\\\/2021\\\/04\\\/IBC-menger-900x600-1.png\",\"contentUrl\":\"https:\\\/\\\/www.veenstratechnology.nl\\\/wp-content\\\/uploads\\\/2021\\\/04\\\/IBC-menger-900x600-1.png\",\"width\":900,\"height\":600},{\"@type\":\"BreadcrumbList\",\"@id\":\"https:\\\/\\\/www.veenstratechnology.nl\\\/de\\\/unsere-produckte\\\/ruehrwerke\\\/kompaktmischer\\\/ibc-mischer\\\/#breadcrumb\",\"itemListElement\":[{\"@type\":\"ListItem\",\"position\":1,\"name\":\"Home\",\"item\":\"https:\\\/\\\/www.veenstratechnology.nl\\\/\"},{\"@type\":\"ListItem\",\"position\":2,\"name\":\"Unsere Produkte\",\"item\":\"https:\\\/\\\/www.veenstratechnology.nl\\\/onze-producten\\\/\"},{\"@type\":\"ListItem\",\"position\":3,\"name\":\"R\u00fchrwerke\",\"item\":\"https:\\\/\\\/www.veenstratechnology.nl\\\/de\\\/unsere-produckte\\\/ruehrwerke\\\/\"},{\"@type\":\"ListItem\",\"position\":4,\"name\":\"Tragbare Mischer\",\"item\":\"https:\\\/\\\/www.veenstratechnology.nl\\\/de\\\/unsere-produckte\\\/ruehrwerke\\\/kompaktmischer\\\/\"},{\"@type\":\"ListItem\",\"position\":5,\"name\":\"IBC-Mischer\"}]},{\"@type\":\"WebSite\",\"@id\":\"https:\\\/\\\/www.veenstratechnology.nl\\\/de\\\/#website\",\"url\":\"https:\\\/\\\/www.veenstratechnology.nl\\\/de\\\/\",\"name\":\"Veenstra Technology\",\"description\":\"\",\"publisher\":{\"@id\":\"https:\\\/\\\/www.veenstratechnology.nl\\\/de\\\/#organization\"},\"potentialAction\":[{\"@type\":\"SearchAction\",\"target\":{\"@type\":\"EntryPoint\",\"urlTemplate\":\"https:\\\/\\\/www.veenstratechnology.nl\\\/de\\\/?s={search_term_string}\"},\"query-input\":{\"@type\":\"PropertyValueSpecification\",\"valueRequired\":true,\"valueName\":\"search_term_string\"}}],\"inLanguage\":\"de\"},{\"@type\":\"Organization\",\"@id\":\"https:\\\/\\\/www.veenstratechnology.nl\\\/de\\\/#organization\",\"name\":\"Veenstra Technology\",\"url\":\"https:\\\/\\\/www.veenstratechnology.nl\\\/de\\\/\",\"logo\":{\"@type\":\"ImageObject\",\"inLanguage\":\"de\",\"@id\":\"https:\\\/\\\/www.veenstratechnology.nl\\\/de\\\/#\\\/schema\\\/logo\\\/image\\\/\",\"url\":\"https:\\\/\\\/www.veenstratechnology.nl\\\/wp-content\\\/uploads\\\/2021\\\/02\\\/veenstra-technology-logo-fullcolor.svg\",\"contentUrl\":\"https:\\\/\\\/www.veenstratechnology.nl\\\/wp-content\\\/uploads\\\/2021\\\/02\\\/veenstra-technology-logo-fullcolor.svg\",\"width\":1,\"height\":1,\"caption\":\"Veenstra Technology\"},\"image\":{\"@id\":\"https:\\\/\\\/www.veenstratechnology.nl\\\/de\\\/#\\\/schema\\\/logo\\\/image\\\/\"}}]}<\/script>\n<!-- \/ Yoast SEO plugin. -->","yoast_head_json":{"title":"Tragbare IBC-Mischer | Veenstra Technology","description":"Unsere IBC-Mischer sind aus langlebigen Materialien gefertigt, f\u00fcr Volumina bis zu 1000 Litern geeignet und ideal f\u00fcr Ihre Bed\u00fcrfnisse. Kontaktieren Sie uns.","robots":{"index":"index","follow":"follow","max-snippet":"max-snippet:-1","max-image-preview":"max-image-preview:large","max-video-preview":"max-video-preview:-1"},"canonical":"https:\/\/www.veenstratechnology.nl\/de\/unsere-produckte\/ruehrwerke\/kompaktmischer\/ibc-mischer\/","og_locale":"de_DE","og_type":"article","og_title":"Tragbare IBC-Mischer | Veenstra Technology","og_description":"Unsere IBC-Mischer sind aus langlebigen Materialien gefertigt, f\u00fcr Volumina bis zu 1000 Litern geeignet und ideal f\u00fcr Ihre Bed\u00fcrfnisse. Kontaktieren Sie uns.","og_url":"https:\/\/www.veenstratechnology.nl\/de\/unsere-produckte\/ruehrwerke\/kompaktmischer\/ibc-mischer\/","og_site_name":"Veenstra Technology","article_modified_time":"2026-03-09T08:40:28+00:00","og_image":[{"width":900,"height":600,"url":"https:\/\/www.veenstratechnology.nl\/wp-content\/uploads\/2021\/04\/IBC-menger-900x600-1.png","type":"image\/png"}],"twitter_card":"summary_large_image","twitter_misc":{"Gesch\u00e4tzte Lesezeit":"2\u00a0Minuten"},"schema":{"@context":"https:\/\/schema.org","@graph":[{"@type":"WebPage","@id":"https:\/\/www.veenstratechnology.nl\/de\/unsere-produckte\/ruehrwerke\/kompaktmischer\/ibc-mischer\/","url":"https:\/\/www.veenstratechnology.nl\/de\/unsere-produckte\/ruehrwerke\/kompaktmischer\/ibc-mischer\/","name":"Tragbare IBC-Mischer | Veenstra Technology","isPartOf":{"@id":"https:\/\/www.veenstratechnology.nl\/de\/#website"},"primaryImageOfPage":{"@id":"https:\/\/www.veenstratechnology.nl\/de\/unsere-produckte\/ruehrwerke\/kompaktmischer\/ibc-mischer\/#primaryimage"},"image":{"@id":"https:\/\/www.veenstratechnology.nl\/de\/unsere-produckte\/ruehrwerke\/kompaktmischer\/ibc-mischer\/#primaryimage"},"thumbnailUrl":"https:\/\/www.veenstratechnology.nl\/wp-content\/uploads\/2021\/04\/IBC-menger-900x600-1.png","datePublished":"2021-05-15T12:16:13+00:00","dateModified":"2026-03-09T08:40:28+00:00","description":"Unsere IBC-Mischer sind aus langlebigen Materialien gefertigt, f\u00fcr Volumina bis zu 1000 Litern geeignet und ideal f\u00fcr Ihre Bed\u00fcrfnisse. Kontaktieren Sie uns.","breadcrumb":{"@id":"https:\/\/www.veenstratechnology.nl\/de\/unsere-produckte\/ruehrwerke\/kompaktmischer\/ibc-mischer\/#breadcrumb"},"inLanguage":"de","potentialAction":[{"@type":"ReadAction","target":["https:\/\/www.veenstratechnology.nl\/de\/unsere-produckte\/ruehrwerke\/kompaktmischer\/ibc-mischer\/"]}]},{"@type":"ImageObject","inLanguage":"de","@id":"https:\/\/www.veenstratechnology.nl\/de\/unsere-produckte\/ruehrwerke\/kompaktmischer\/ibc-mischer\/#primaryimage","url":"https:\/\/www.veenstratechnology.nl\/wp-content\/uploads\/2021\/04\/IBC-menger-900x600-1.png","contentUrl":"https:\/\/www.veenstratechnology.nl\/wp-content\/uploads\/2021\/04\/IBC-menger-900x600-1.png","width":900,"height":600},{"@type":"BreadcrumbList","@id":"https:\/\/www.veenstratechnology.nl\/de\/unsere-produckte\/ruehrwerke\/kompaktmischer\/ibc-mischer\/#breadcrumb","itemListElement":[{"@type":"ListItem","position":1,"name":"Home","item":"https:\/\/www.veenstratechnology.nl\/"},{"@type":"ListItem","position":2,"name":"Unsere Produkte","item":"https:\/\/www.veenstratechnology.nl\/onze-producten\/"},{"@type":"ListItem","position":3,"name":"R\u00fchrwerke","item":"https:\/\/www.veenstratechnology.nl\/de\/unsere-produckte\/ruehrwerke\/"},{"@type":"ListItem","position":4,"name":"Tragbare Mischer","item":"https:\/\/www.veenstratechnology.nl\/de\/unsere-produckte\/ruehrwerke\/kompaktmischer\/"},{"@type":"ListItem","position":5,"name":"IBC-Mischer"}]},{"@type":"WebSite","@id":"https:\/\/www.veenstratechnology.nl\/de\/#website","url":"https:\/\/www.veenstratechnology.nl\/de\/","name":"Veenstra Technology","description":"","publisher":{"@id":"https:\/\/www.veenstratechnology.nl\/de\/#organization"},"potentialAction":[{"@type":"SearchAction","target":{"@type":"EntryPoint","urlTemplate":"https:\/\/www.veenstratechnology.nl\/de\/?s={search_term_string}"},"query-input":{"@type":"PropertyValueSpecification","valueRequired":true,"valueName":"search_term_string"}}],"inLanguage":"de"},{"@type":"Organization","@id":"https:\/\/www.veenstratechnology.nl\/de\/#organization","name":"Veenstra Technology","url":"https:\/\/www.veenstratechnology.nl\/de\/","logo":{"@type":"ImageObject","inLanguage":"de","@id":"https:\/\/www.veenstratechnology.nl\/de\/#\/schema\/logo\/image\/","url":"https:\/\/www.veenstratechnology.nl\/wp-content\/uploads\/2021\/02\/veenstra-technology-logo-fullcolor.svg","contentUrl":"https:\/\/www.veenstratechnology.nl\/wp-content\/uploads\/2021\/02\/veenstra-technology-logo-fullcolor.svg","width":1,"height":1,"caption":"Veenstra Technology"},"image":{"@id":"https:\/\/www.veenstratechnology.nl\/de\/#\/schema\/logo\/image\/"}}]}},"_links":{"self":[{"href":"https:\/\/www.veenstratechnology.nl\/de\/wp-json\/wp\/v2\/pages\/2737","targetHints":{"allow":["GET"]}}],"collection":[{"href":"https:\/\/www.veenstratechnology.nl\/de\/wp-json\/wp\/v2\/pages"}],"about":[{"href":"https:\/\/www.veenstratechnology.nl\/de\/wp-json\/wp\/v2\/types\/page"}],"author":[{"embeddable":true,"href":"https:\/\/www.veenstratechnology.nl\/de\/wp-json\/wp\/v2\/users\/11"}],"replies":[{"embeddable":true,"href":"https:\/\/www.veenstratechnology.nl\/de\/wp-json\/wp\/v2\/comments?post=2737"}],"version-history":[{"count":11,"href":"https:\/\/www.veenstratechnology.nl\/de\/wp-json\/wp\/v2\/pages\/2737\/revisions"}],"predecessor-version":[{"id":6655,"href":"https:\/\/www.veenstratechnology.nl\/de\/wp-json\/wp\/v2\/pages\/2737\/revisions\/6655"}],"up":[{"embeddable":true,"href":"https:\/\/www.veenstratechnology.nl\/de\/wp-json\/wp\/v2\/pages\/2726"}],"wp:featuredmedia":[{"embeddable":true,"href":"https:\/\/www.veenstratechnology.nl\/de\/wp-json\/wp\/v2\/media\/1885"}],"wp:attachment":[{"href":"https:\/\/www.veenstratechnology.nl\/de\/wp-json\/wp\/v2\/media?parent=2737"}],"wp:term":[{"taxonomy":"category","embeddable":true,"href":"https:\/\/www.veenstratechnology.nl\/de\/wp-json\/wp\/v2\/categories?post=2737"}],"curies":[{"name":"wp","href":"https:\/\/api.w.org\/{rel}","templated":true}]}}