{"id":2779,"date":"2021-05-15T14:37:43","date_gmt":"2021-05-15T13:37:43","guid":{"rendered":"https:\/\/www.veenstratechnology.nl\/?page_id=2779"},"modified":"2021-05-31T08:32:18","modified_gmt":"2021-05-31T07:32:18","slug":"maschinenbau","status":"publish","type":"page","link":"https:\/\/www.veenstratechnology.nl\/de\/unsere-produckte\/maschinenbau\/","title":{"rendered":"Maschinenbau"},"content":{"rendered":"[vc_section full_width=&#8220;stretch_row&#8220; el_class=&#8220;veenstra__padding veenstra__header veenstra__boxed product&#8220; css=&#8220;.vc_custom_1614935926338{background: rgba(0,75,123,0.05) url(https:\/\/www.veenstratechnology.nl\/wp-content\/uploads\/2021\/03\/veenstra-technology-website-header-scaled.jpg?id=581) !important;background-position: center !important;background-repeat: no-repeat !important;background-size: cover !important;*background-color: rgb(0,75,123) !important;}&#8220;][vc_row content_placement=&#8220;middle&#8220; equal_height=&#8220;yes&#8220;][vc_column typography_style=&#8220;white&#8220; width=&#8220;7\/12&#8243;]<nav class=\"vcex-breadcrumbs wpex-mb-10\" style=\"font-size:12px;\"><span><span><a href=\"https:\/\/www.veenstratechnology.nl\/\">Home<\/a><\/span><\/span><\/nav>[vc_column_text]\n<h1>Maschinenbau<\/h1>\n<h4>Unsere Produkte<\/h4>\n<h4><\/h4>\n[\/vc_column_text][\/vc_column][vc_column width=&#8220;1\/12&#8243;][\/vc_column][vc_column width=&#8220;4\/12&#8243; css=&#8220;.vc_custom_1614936092535{background-color: #f2f6f8 !important;}&#8220;][vc_column_text]\n<h3>Brauchen Sie Hilfe?<\/h3>\n[\/vc_column_text]<a href=\"mailto:technology@veenstragroup.nl\" class=\"vcex-button theme-button inline\" style=\"background:#004b7b;color:#ffffff;margin-top:10px;margin-right:10px;\" data-wpex-hover='{&quot;background&quot;:&quot;#ffffff&quot;,&quot;color&quot;:&quot;#004b7b&quot;}'><span class=\"theme-button-inner\">Uns Mailen<span class=\"vcex-icon-wrap theme-button-icon-right\"><span class=\"fas fa-envelope\" aria-hidden=\"true\"><\/span><\/span><\/span><\/a> <a href=\"tel:0524599333\" class=\"vcex-button theme-button inline\" style=\"background:#004b7b;color:#ffffff;margin-top:10px;\" data-wpex-hover='{&quot;background&quot;:&quot;#ffffff&quot;,&quot;color&quot;:&quot;#004b7b&quot;}'><span class=\"theme-button-inner\">Anrufen<span class=\"vcex-icon-wrap theme-button-icon-right\"><span class=\"fas fa-phone\" aria-hidden=\"true\"><\/span><\/span><\/span><\/a> [\/vc_column][\/vc_row][\/vc_section][vc_section el_class=&#8220;veenstra__padding veenstra__normal veenstra__product-grid&#8220;][vc_row][vc_column][vc_column_text]\n<h2>Unsere Maschinen<\/h2>\n<p>F\u00fcr die Entwicklung und Herstellung Ihrer neuen Maschine k\u00f6nnen Sie sich gerne an Veenstra Machinefabriek wenden. Vom Prototyp bis zum Endprodukt arbeiten wir gerne mit Ihnen zusammen. Wir schauen gemeinsam mit Ihnen nach M\u00f6glichkeiten und finden die beste L\u00f6sung f\u00fcr Ihre Prozesse.<\/p>\n<p>Ob Sie sich f\u00fcr eine komplette Maschine oder f\u00fcr ein Zubeh\u00f6rteil davon interessieren, wir sind f\u00fcr Sie da. Mit der jahrelangen Erfahrung unserer Fachleute garantieren wir ein qualitativ hochwertiges Endprodukt, das die CE-Kennzeichnung, Maschinenrichtlinien und Arbeitsmittelrichtlinien erf\u00fcllt.<\/p>\n<p>Bitte nehmen Sie Kontakt mit uns auf, um die M\u00f6glichkeiten zu besprechen[\/vc_column_text]<div class=\"vcex-module vcex-post-type-grid-wrap wpex-clr\"><div class=\"wpex-row vcex-post-type-grid entries wpex-clr\"><div class=\"vcex-post-type-entry vcex-grid-item wpex-clr col span_1_of_3 span_1_of_2_tp span_1_of_1_pl span_1_of_1_pp col-1 post-3702 entry type-page has-media cat-46\"><div class=\"vcex-post-type-entry-inner entry-inner wpex-first-mt-0 wpex-last-mb-0 wpex-clr\"><div class=\"vcex-post-type-entry-media entry-media\"><a href=\"https:\/\/www.veenstratechnology.nl\/de\/unsere-produckte\/maschinenbau\/hydraulische-gesenkmaschine\/\" title=\"Hydraulische Gesenkmaschine\"><img decoding=\"async\" loading=\"lazy\" class=\"vcex-blog-entry-img wpex-align-middle\" src=\"https:\/\/www.veenstratechnology.nl\/wp-content\/uploads\/2021\/04\/Optromper-900x600-1.png\" alt=\"\" width=\"900\" height=\"600\" \/><\/a><\/div><div class=\"vcex-post-type-entry-details entry-details wpex-bordered wpex-first-mt-0 wpex-last-mb-0 wpex-clr vc_custom_1622446334200\"><h3 class=\"vcex-post-type-entry-title entry-title wpex-mb-5 wpex-child-inherit-color\"  style=\"margin-bottom:-10px;color:#004b7b;\"><a href=\"https:\/\/www.veenstratechnology.nl\/de\/unsere-produckte\/maschinenbau\/hydraulische-gesenkmaschine\/\">Hydraulische Gesenkmaschine<\/a><\/h3 ><div class=\"vcex-post-type-entry-excerpt entry-excerpt wpex-my-15 wpex-last-mb-0 wpex-clr\" style=\"font-size:14px;\">Diese Optokompressen sind daf\u00fcr ausgelegt, \u00d6l- und Gasleitungen vor Ort aufzutrommeln, um eine verbindbare Verbindung an den Rohren herzustellen.<\/div><div class=\"vcex-post-type-entry-readmore-wrap entry-readmore-wrap wpex-my-15 wpex-clr\"><a href=\"https:\/\/www.veenstratechnology.nl\/de\/unsere-produckte\/maschinenbau\/hydraulische-gesenkmaschine\/\" class=\"theme-button\">Produkte anzeigen<\/a><\/div><\/div><\/div><\/div><div class=\"vcex-post-type-entry vcex-grid-item wpex-clr col span_1_of_3 span_1_of_2_tp span_1_of_1_pl span_1_of_1_pp col-2 post-3708 entry type-page has-media cat-46\"><div class=\"vcex-post-type-entry-inner entry-inner wpex-first-mt-0 wpex-last-mb-0 wpex-clr\"><div class=\"vcex-post-type-entry-media entry-media\"><a href=\"https:\/\/www.veenstratechnology.nl\/de\/unsere-produckte\/maschinenbau\/pneumatisches-bohrgeraet\/\" title=\"Pneumatisches Bohrger\u00e4t\"><img decoding=\"async\" loading=\"lazy\" class=\"vcex-blog-entry-img wpex-align-middle\" src=\"https:\/\/www.veenstratechnology.nl\/wp-content\/uploads\/2021\/04\/Boorunit-900x600-1.png\" alt=\"\" width=\"900\" height=\"600\" \/><\/a><\/div><div class=\"vcex-post-type-entry-details entry-details wpex-bordered wpex-first-mt-0 wpex-last-mb-0 wpex-clr vc_custom_1622446334200\"><h3 class=\"vcex-post-type-entry-title entry-title wpex-mb-5 wpex-child-inherit-color\"  style=\"margin-bottom:-10px;color:#004b7b;\"><a href=\"https:\/\/www.veenstratechnology.nl\/de\/unsere-produckte\/maschinenbau\/pneumatisches-bohrgeraet\/\">Pneumatisches Bohrger\u00e4t<\/a><\/h3 ><div class=\"vcex-post-type-entry-excerpt entry-excerpt wpex-my-15 wpex-last-mb-0 wpex-clr\" style=\"font-size:14px;\">F\u00fcr einen Zulieferer von Metallkomponenten haben wir eine Bohreinheit f\u00fcr einen automatisierten Produktionsprozess gebaut.<\/div><div class=\"vcex-post-type-entry-readmore-wrap entry-readmore-wrap wpex-my-15 wpex-clr\"><a href=\"https:\/\/www.veenstratechnology.nl\/de\/unsere-produckte\/maschinenbau\/pneumatisches-bohrgeraet\/\" class=\"theme-button\">Produkte anzeigen<\/a><\/div><\/div><\/div><\/div><div class=\"vcex-post-type-entry vcex-grid-item wpex-clr col span_1_of_3 span_1_of_2_tp span_1_of_1_pl span_1_of_1_pp col-3 post-3711 entry type-page has-media cat-46\"><div class=\"vcex-post-type-entry-inner entry-inner wpex-first-mt-0 wpex-last-mb-0 wpex-clr\"><div class=\"vcex-post-type-entry-media entry-media\"><a href=\"https:\/\/www.veenstratechnology.nl\/de\/unsere-produckte\/maschinenbau\/stellungsregler\/\" title=\"Stellungsregler\"><img decoding=\"async\" loading=\"lazy\" class=\"vcex-blog-entry-img wpex-align-middle\" src=\"https:\/\/www.veenstratechnology.nl\/wp-content\/uploads\/2021\/04\/Positioneerder-900x600-1.png\" alt=\"\" width=\"900\" height=\"600\" \/><\/a><\/div><div class=\"vcex-post-type-entry-details entry-details wpex-bordered wpex-first-mt-0 wpex-last-mb-0 wpex-clr vc_custom_1622446334200\"><h3 class=\"vcex-post-type-entry-title entry-title wpex-mb-5 wpex-child-inherit-color\"  style=\"margin-bottom:-10px;color:#004b7b;\"><a href=\"https:\/\/www.veenstratechnology.nl\/de\/unsere-produckte\/maschinenbau\/stellungsregler\/\">Stellungsregler<\/a><\/h3 ><div class=\"vcex-post-type-entry-excerpt entry-excerpt wpex-my-15 wpex-last-mb-0 wpex-clr\" style=\"font-size:14px;\">Diese Positioniereinheiten finden ihre Anwendung bei der Handhabung von Sch\u00fcttgutstr\u00f6men aus einer PTA-Anlage (Kunststoffgranulat).<\/div><div class=\"vcex-post-type-entry-readmore-wrap entry-readmore-wrap wpex-my-15 wpex-clr\"><a href=\"https:\/\/www.veenstratechnology.nl\/de\/unsere-produckte\/maschinenbau\/stellungsregler\/\" class=\"theme-button\">Produkte anzeigen<\/a><\/div><\/div><\/div><\/div><\/div><\/div>[\/vc_column][\/vc_row][\/vc_section][vc_section full_width=&#8220;stretch_row&#8220; el_class=&#8220;veenstra__padding veenstra__footer veenstra__boxed product&#8220; css=&#8220;.vc_custom_1614936142813{background-color: rgba(0,75,123,0.05) !important;*background-color: rgb(0,75,123) !important;}&#8220;][vc_row equal_height=&#8220;yes&#8220;][vc_column width=&#8220;7\/12&#8243;][vc_column_text]\n<h3><strong>Weitere Infos zum Maschinenbau?<\/strong><\/h3>\n<p>Haben Sie eine interessante Maschine gesehen oder sind Sie neugierig, ob wir auch eine Maschine f\u00fcr Sie fertigen k\u00f6nnen? Bitte stellen Sie Ihre Fragen per E-Mail oder Telefon. <strong>Wir bieten \u2018built to spec\u2019 Maschinenbau und auch \u2018built to print\u2019 Maschinenbau!<\/strong>[\/vc_column_text][\/vc_column][vc_column width=&#8220;1\/12&#8243;][\/vc_column][vc_column typography_style=&#8220;white&#8220; width=&#8220;4\/12&#8243; css=&#8220;.vc_custom_1614936164894{background-color: #004b7b !important;}&#8220;][vc_column_text]\n<h3>Neem contact op<\/h3>\n[\/vc_column_text]<a href=\"mailto:technology@veenstragroup.nl\" class=\"vcex-button theme-button inline\" style=\"background:#ffffff;color:#004b7b;margin-top:10px;margin-right:10px;\" data-wpex-hover='{&quot;background&quot;:&quot;#004b7b&quot;,&quot;color&quot;:&quot;#ffffff&quot;}'><span class=\"theme-button-inner\">Uns Mailen<span class=\"vcex-icon-wrap theme-button-icon-right\"><span class=\"fas fa-envelope\" aria-hidden=\"true\"><\/span><\/span><\/span><\/a> <a href=\"tel:0524599333\" class=\"vcex-button theme-button inline\" style=\"background:#ffffff;color:#004b7b;margin-top:10px;\" data-wpex-hover='{&quot;background&quot;:&quot;#004b7b&quot;,&quot;color&quot;:&quot;#ffffff&quot;}'><span class=\"theme-button-inner\">Anrufen<span class=\"vcex-icon-wrap theme-button-icon-right\"><span class=\"fas fa-phone\" aria-hidden=\"true\"><\/span><\/span><\/span><\/a> [\/vc_column][\/vc_row][\/vc_section][vc_section el_class=&#8220;veenstra__padding veenstra__normal veenstra__product-grid&#8220;][vc_row][vc_column][vc_column_text]\n<h2>Unsere L\u00f6sungen<\/h2>\n<p>Nachfolgend finden Sie verschiedene L\u00f6sungen\/Kundenf\u00e4lle. Wenn Sie in den L\u00f6sungen etwas sehen, das auch f\u00fcr Sie von Interesse sein k\u00f6nnte, k\u00f6nnen Sie sich gerne an uns wenden. Wir k\u00f6nnen auch Ihnen ein passendes Produkt anbieten, das auf Ihre individuelle Situation zugeschnitten ist.[\/vc_column_text][\/vc_column][\/vc_row][\/vc_section]\n","protected":false},"excerpt":{"rendered":"<p>F\u00fcr die Entwicklung und Herstellung Ihrer neuen Maschine k\u00f6nnen Sie sich gerne an Veenstra Machinefabriek wenden.<\/p>\n","protected":false},"author":4,"featured_media":1539,"parent":2602,"menu_order":161,"comment_status":"closed","ping_status":"closed","template":"","meta":{"footnotes":""},"categories":[],"class_list":["post-2779","page","type-page","status-publish","has-post-thumbnail","hentry","entry","has-media"],"yoast_head":"<!-- This site is optimized with the Yoast SEO plugin v27.3 - https:\/\/yoast.com\/product\/yoast-seo-wordpress\/ -->\n<title>Maschinenbau | Veenstra Technology<\/title>\n<meta name=\"description\" content=\"F\u00fcr die Entwicklung und Herstellung Ihrer neuen Maschine k\u00f6nnen Sie sich gerne an Veenstra Machinefabriek wenden.\" \/>\n<meta name=\"robots\" content=\"index, follow, max-snippet:-1, max-image-preview:large, max-video-preview:-1\" \/>\n<link rel=\"canonical\" href=\"https:\/\/www.veenstratechnology.nl\/onze-producten\/machinebouw\/\" \/>\n<meta property=\"og:locale\" content=\"de_DE\" \/>\n<meta property=\"og:type\" content=\"article\" \/>\n<meta property=\"og:title\" content=\"Maschinenbau | Veenstra Technology\" \/>\n<meta property=\"og:description\" content=\"F\u00fcr die Entwicklung und Herstellung Ihrer neuen Maschine k\u00f6nnen Sie sich gerne an Veenstra Machinefabriek wenden.\" \/>\n<meta property=\"og:url\" content=\"https:\/\/www.veenstratechnology.nl\/onze-producten\/machinebouw\/\" \/>\n<meta property=\"og:site_name\" content=\"Veenstra Technology\" \/>\n<meta property=\"article:modified_time\" content=\"2021-05-31T07:32:18+00:00\" \/>\n<meta property=\"og:image\" content=\"https:\/\/www.veenstratechnology.nl\/wp-content\/uploads\/2021\/04\/Machinebouw-900x600-1.png\" \/>\n\t<meta property=\"og:image:width\" content=\"900\" \/>\n\t<meta property=\"og:image:height\" content=\"600\" \/>\n\t<meta property=\"og:image:type\" content=\"image\/png\" \/>\n<meta name=\"twitter:card\" content=\"summary_large_image\" \/>\n<meta name=\"twitter:label1\" content=\"Gesch\u00e4tzte Lesezeit\" \/>\n\t<meta name=\"twitter:data1\" content=\"2\u00a0Minuten\" \/>\n<script type=\"application\/ld+json\" class=\"yoast-schema-graph\">{\"@context\":\"https:\\\/\\\/schema.org\",\"@graph\":[{\"@type\":\"WebPage\",\"@id\":\"https:\\\/\\\/www.veenstratechnology.nl\\\/onze-producten\\\/machinebouw\\\/\",\"url\":\"https:\\\/\\\/www.veenstratechnology.nl\\\/onze-producten\\\/machinebouw\\\/\",\"name\":\"Maschinenbau | Veenstra Technology\",\"isPartOf\":{\"@id\":\"https:\\\/\\\/www.veenstratechnology.nl\\\/de\\\/#website\"},\"primaryImageOfPage\":{\"@id\":\"https:\\\/\\\/www.veenstratechnology.nl\\\/onze-producten\\\/machinebouw\\\/#primaryimage\"},\"image\":{\"@id\":\"https:\\\/\\\/www.veenstratechnology.nl\\\/onze-producten\\\/machinebouw\\\/#primaryimage\"},\"thumbnailUrl\":\"https:\\\/\\\/www.veenstratechnology.nl\\\/wp-content\\\/uploads\\\/2021\\\/04\\\/Machinebouw-900x600-1.png\",\"datePublished\":\"2021-05-15T13:37:43+00:00\",\"dateModified\":\"2021-05-31T07:32:18+00:00\",\"description\":\"F\u00fcr die Entwicklung und Herstellung Ihrer neuen Maschine k\u00f6nnen Sie sich gerne an Veenstra Machinefabriek wenden.\",\"breadcrumb\":{\"@id\":\"https:\\\/\\\/www.veenstratechnology.nl\\\/onze-producten\\\/machinebouw\\\/#breadcrumb\"},\"inLanguage\":\"de\",\"potentialAction\":[{\"@type\":\"ReadAction\",\"target\":[\"https:\\\/\\\/www.veenstratechnology.nl\\\/onze-producten\\\/machinebouw\\\/\"]}]},{\"@type\":\"ImageObject\",\"inLanguage\":\"de\",\"@id\":\"https:\\\/\\\/www.veenstratechnology.nl\\\/onze-producten\\\/machinebouw\\\/#primaryimage\",\"url\":\"https:\\\/\\\/www.veenstratechnology.nl\\\/wp-content\\\/uploads\\\/2021\\\/04\\\/Machinebouw-900x600-1.png\",\"contentUrl\":\"https:\\\/\\\/www.veenstratechnology.nl\\\/wp-content\\\/uploads\\\/2021\\\/04\\\/Machinebouw-900x600-1.png\",\"width\":900,\"height\":600},{\"@type\":\"BreadcrumbList\",\"@id\":\"https:\\\/\\\/www.veenstratechnology.nl\\\/onze-producten\\\/machinebouw\\\/#breadcrumb\",\"itemListElement\":[{\"@type\":\"ListItem\",\"position\":1,\"name\":\"Home\",\"item\":\"https:\\\/\\\/www.veenstratechnology.nl\\\/\"},{\"@type\":\"ListItem\",\"position\":2,\"name\":\"Unsere Produkte\",\"item\":\"https:\\\/\\\/www.veenstratechnology.nl\\\/onze-producten\\\/\"},{\"@type\":\"ListItem\",\"position\":3,\"name\":\"Maschinenbau\"}]},{\"@type\":\"WebSite\",\"@id\":\"https:\\\/\\\/www.veenstratechnology.nl\\\/de\\\/#website\",\"url\":\"https:\\\/\\\/www.veenstratechnology.nl\\\/de\\\/\",\"name\":\"Veenstra Technology\",\"description\":\"\",\"publisher\":{\"@id\":\"https:\\\/\\\/www.veenstratechnology.nl\\\/de\\\/#organization\"},\"potentialAction\":[{\"@type\":\"SearchAction\",\"target\":{\"@type\":\"EntryPoint\",\"urlTemplate\":\"https:\\\/\\\/www.veenstratechnology.nl\\\/de\\\/?s={search_term_string}\"},\"query-input\":{\"@type\":\"PropertyValueSpecification\",\"valueRequired\":true,\"valueName\":\"search_term_string\"}}],\"inLanguage\":\"de\"},{\"@type\":\"Organization\",\"@id\":\"https:\\\/\\\/www.veenstratechnology.nl\\\/de\\\/#organization\",\"name\":\"Veenstra Technology\",\"url\":\"https:\\\/\\\/www.veenstratechnology.nl\\\/de\\\/\",\"logo\":{\"@type\":\"ImageObject\",\"inLanguage\":\"de\",\"@id\":\"https:\\\/\\\/www.veenstratechnology.nl\\\/de\\\/#\\\/schema\\\/logo\\\/image\\\/\",\"url\":\"https:\\\/\\\/www.veenstratechnology.nl\\\/wp-content\\\/uploads\\\/2021\\\/02\\\/veenstra-technology-logo-fullcolor.svg\",\"contentUrl\":\"https:\\\/\\\/www.veenstratechnology.nl\\\/wp-content\\\/uploads\\\/2021\\\/02\\\/veenstra-technology-logo-fullcolor.svg\",\"width\":1,\"height\":1,\"caption\":\"Veenstra Technology\"},\"image\":{\"@id\":\"https:\\\/\\\/www.veenstratechnology.nl\\\/de\\\/#\\\/schema\\\/logo\\\/image\\\/\"}}]}<\/script>\n<!-- \/ Yoast SEO plugin. -->","yoast_head_json":{"title":"Maschinenbau | Veenstra Technology","description":"F\u00fcr die Entwicklung und Herstellung Ihrer neuen Maschine k\u00f6nnen Sie sich gerne an Veenstra Machinefabriek wenden.","robots":{"index":"index","follow":"follow","max-snippet":"max-snippet:-1","max-image-preview":"max-image-preview:large","max-video-preview":"max-video-preview:-1"},"canonical":"https:\/\/www.veenstratechnology.nl\/onze-producten\/machinebouw\/","og_locale":"de_DE","og_type":"article","og_title":"Maschinenbau | Veenstra Technology","og_description":"F\u00fcr die Entwicklung und Herstellung Ihrer neuen Maschine k\u00f6nnen Sie sich gerne an Veenstra Machinefabriek wenden.","og_url":"https:\/\/www.veenstratechnology.nl\/onze-producten\/machinebouw\/","og_site_name":"Veenstra Technology","article_modified_time":"2021-05-31T07:32:18+00:00","og_image":[{"width":900,"height":600,"url":"https:\/\/www.veenstratechnology.nl\/wp-content\/uploads\/2021\/04\/Machinebouw-900x600-1.png","type":"image\/png"}],"twitter_card":"summary_large_image","twitter_misc":{"Gesch\u00e4tzte Lesezeit":"2\u00a0Minuten"},"schema":{"@context":"https:\/\/schema.org","@graph":[{"@type":"WebPage","@id":"https:\/\/www.veenstratechnology.nl\/onze-producten\/machinebouw\/","url":"https:\/\/www.veenstratechnology.nl\/onze-producten\/machinebouw\/","name":"Maschinenbau | Veenstra Technology","isPartOf":{"@id":"https:\/\/www.veenstratechnology.nl\/de\/#website"},"primaryImageOfPage":{"@id":"https:\/\/www.veenstratechnology.nl\/onze-producten\/machinebouw\/#primaryimage"},"image":{"@id":"https:\/\/www.veenstratechnology.nl\/onze-producten\/machinebouw\/#primaryimage"},"thumbnailUrl":"https:\/\/www.veenstratechnology.nl\/wp-content\/uploads\/2021\/04\/Machinebouw-900x600-1.png","datePublished":"2021-05-15T13:37:43+00:00","dateModified":"2021-05-31T07:32:18+00:00","description":"F\u00fcr die Entwicklung und Herstellung Ihrer neuen Maschine k\u00f6nnen Sie sich gerne an Veenstra Machinefabriek wenden.","breadcrumb":{"@id":"https:\/\/www.veenstratechnology.nl\/onze-producten\/machinebouw\/#breadcrumb"},"inLanguage":"de","potentialAction":[{"@type":"ReadAction","target":["https:\/\/www.veenstratechnology.nl\/onze-producten\/machinebouw\/"]}]},{"@type":"ImageObject","inLanguage":"de","@id":"https:\/\/www.veenstratechnology.nl\/onze-producten\/machinebouw\/#primaryimage","url":"https:\/\/www.veenstratechnology.nl\/wp-content\/uploads\/2021\/04\/Machinebouw-900x600-1.png","contentUrl":"https:\/\/www.veenstratechnology.nl\/wp-content\/uploads\/2021\/04\/Machinebouw-900x600-1.png","width":900,"height":600},{"@type":"BreadcrumbList","@id":"https:\/\/www.veenstratechnology.nl\/onze-producten\/machinebouw\/#breadcrumb","itemListElement":[{"@type":"ListItem","position":1,"name":"Home","item":"https:\/\/www.veenstratechnology.nl\/"},{"@type":"ListItem","position":2,"name":"Unsere Produkte","item":"https:\/\/www.veenstratechnology.nl\/onze-producten\/"},{"@type":"ListItem","position":3,"name":"Maschinenbau"}]},{"@type":"WebSite","@id":"https:\/\/www.veenstratechnology.nl\/de\/#website","url":"https:\/\/www.veenstratechnology.nl\/de\/","name":"Veenstra Technology","description":"","publisher":{"@id":"https:\/\/www.veenstratechnology.nl\/de\/#organization"},"potentialAction":[{"@type":"SearchAction","target":{"@type":"EntryPoint","urlTemplate":"https:\/\/www.veenstratechnology.nl\/de\/?s={search_term_string}"},"query-input":{"@type":"PropertyValueSpecification","valueRequired":true,"valueName":"search_term_string"}}],"inLanguage":"de"},{"@type":"Organization","@id":"https:\/\/www.veenstratechnology.nl\/de\/#organization","name":"Veenstra Technology","url":"https:\/\/www.veenstratechnology.nl\/de\/","logo":{"@type":"ImageObject","inLanguage":"de","@id":"https:\/\/www.veenstratechnology.nl\/de\/#\/schema\/logo\/image\/","url":"https:\/\/www.veenstratechnology.nl\/wp-content\/uploads\/2021\/02\/veenstra-technology-logo-fullcolor.svg","contentUrl":"https:\/\/www.veenstratechnology.nl\/wp-content\/uploads\/2021\/02\/veenstra-technology-logo-fullcolor.svg","width":1,"height":1,"caption":"Veenstra Technology"},"image":{"@id":"https:\/\/www.veenstratechnology.nl\/de\/#\/schema\/logo\/image\/"}}]}},"_links":{"self":[{"href":"https:\/\/www.veenstratechnology.nl\/de\/wp-json\/wp\/v2\/pages\/2779","targetHints":{"allow":["GET"]}}],"collection":[{"href":"https:\/\/www.veenstratechnology.nl\/de\/wp-json\/wp\/v2\/pages"}],"about":[{"href":"https:\/\/www.veenstratechnology.nl\/de\/wp-json\/wp\/v2\/types\/page"}],"author":[{"embeddable":true,"href":"https:\/\/www.veenstratechnology.nl\/de\/wp-json\/wp\/v2\/users\/4"}],"replies":[{"embeddable":true,"href":"https:\/\/www.veenstratechnology.nl\/de\/wp-json\/wp\/v2\/comments?post=2779"}],"version-history":[{"count":15,"href":"https:\/\/www.veenstratechnology.nl\/de\/wp-json\/wp\/v2\/pages\/2779\/revisions"}],"predecessor-version":[{"id":3725,"href":"https:\/\/www.veenstratechnology.nl\/de\/wp-json\/wp\/v2\/pages\/2779\/revisions\/3725"}],"up":[{"embeddable":true,"href":"https:\/\/www.veenstratechnology.nl\/de\/wp-json\/wp\/v2\/pages\/2602"}],"wp:featuredmedia":[{"embeddable":true,"href":"https:\/\/www.veenstratechnology.nl\/de\/wp-json\/wp\/v2\/media\/1539"}],"wp:attachment":[{"href":"https:\/\/www.veenstratechnology.nl\/de\/wp-json\/wp\/v2\/media?parent=2779"}],"wp:term":[{"taxonomy":"category","embeddable":true,"href":"https:\/\/www.veenstratechnology.nl\/de\/wp-json\/wp\/v2\/categories?post=2779"}],"curies":[{"name":"wp","href":"https:\/\/api.w.org\/{rel}","templated":true}]}}