{"id":4623,"date":"2021-07-23T14:00:13","date_gmt":"2021-07-23T13:00:13","guid":{"rendered":"https:\/\/www.veenstratechnology.nl\/unternehmen\/unsere-mitarbeiter\/rijk\/"},"modified":"2021-07-23T14:03:55","modified_gmt":"2021-07-23T13:03:55","slug":"rijk","status":"publish","type":"page","link":"https:\/\/www.veenstratechnology.nl\/de\/unsere-mitarbeiter\/rijk\/","title":{"rendered":"Rijk"},"content":{"rendered":"[vc_section full_width=&#8220;stretch_row&#8220; el_class=&#8220;veenstra__padding veenstra__header veenstra__boxed product&#8220; css=&#8220;.vc_custom_1614935926338{background: rgba(0,75,123,0.05) url(https:\/\/www.veenstratechnology.nl\/wp-content\/uploads\/2021\/03\/veenstra-technology-website-header-scaled.jpg?id=581) !important;background-position: center !important;background-repeat: no-repeat !important;background-size: cover !important;*background-color: rgb(0,75,123) !important;}&#8220;][vc_row content_placement=&#8220;middle&#8220; equal_height=&#8220;yes&#8220;][vc_column typography_style=&#8220;white&#8220; width=&#8220;7\/12&#8243;]<nav class=\"vcex-breadcrumbs wpex-mb-10\" style=\"font-size:12px;\"><span><span><a href=\"https:\/\/www.veenstratechnology.nl\/\">Home<\/a><\/span><\/span><\/nav>[vc_column_text]\n<h1><strong>&#8218;Vielfalt in der Arbeit&#8216;<\/strong><\/h1>\n<h4>Unsere Mitarbeiter sprechen<\/h4>\n<h4><\/h4>\n[\/vc_column_text][\/vc_column][vc_column width=&#8220;1\/12&#8243;][\/vc_column][vc_column width=&#8220;4\/12&#8243; css=&#8220;.vc_custom_1614936092535{background-color: #f2f6f8 !important;}&#8220;][vc_column_text]\n<h3>Brauchen Sie Hilfe?<\/h3>\n[\/vc_column_text]<a href=\"mailto:technology@veenstragroup.nl\" class=\"vcex-button theme-button inline\" style=\"background:#004b7b;color:#ffffff;margin-top:10px;margin-right:10px;\" data-wpex-hover='{&quot;background&quot;:&quot;#ffffff&quot;,&quot;color&quot;:&quot;#004b7b&quot;}'><span class=\"theme-button-inner\">Uns Mailen<span class=\"vcex-icon-wrap theme-button-icon-right\"><span class=\"fas fa-envelope\" aria-hidden=\"true\"><\/span><\/span><\/span><\/a> <a href=\"tel:+31524599333\" class=\"vcex-button theme-button inline\" style=\"background:#004b7b;color:#ffffff;margin-top:10px;\" data-wpex-hover='{&quot;background&quot;:&quot;#ffffff&quot;,&quot;color&quot;:&quot;#004b7b&quot;}'><span class=\"theme-button-inner\">Anrufen<span class=\"vcex-icon-wrap theme-button-icon-right\"><span class=\"fas fa-phone\" aria-hidden=\"true\"><\/span><\/span><\/span><\/a> [\/vc_column][\/vc_row][\/vc_section][vc_section el_class=&#8220;veenstra__padding veenstra__normal&#8220;][vc_row][vc_column width=&#8220;2\/3&#8243; css=&#8220;.vc_custom_1626705785625{border-radius: 10px !important;}&#8220;][vc_column_text]\n<h4><strong>Mitarbeitervorstellung (In Holl\u00e4ndisch)<\/strong><\/h4>\n<p>Mijn naam is Rijk Korenhof. Ik ben 48 jaar en ik woon al jaren in Coevorden. Voorafgaand aan mij proffessionele carri\u00e8re heb ik de AOT opleiding aan de Hanzehogeschool in Groningen afgerond. Hierdoor heb ik een brede algemene kennis van diverse aspecten binnen de techniek.<\/p>\n<p><strong>Hoelang werk je al bij Veenstra Technology?<\/strong><br \/>\nSinds 2017 ben ik werkzaam bij Veenstra Technology en iedere dag ga ik met plezier naar mijn werk. Ik ben erg breed inzetbaar en ik zoek graag overal een oplossing voor. Ook wanneer er buiten mijn \u2018normale\u2019 werkzaamheden, zaken geregeld moeten worden, dan zorg ik ervoor dat dit ook geregeld wordt. Denk hierbij bijvoorbeeld aan het organiseren van het transport van onze producten naar het buitenland.<\/p>\n<p><strong>Wat is jouw functie bij Veenstra Technology?<\/strong><br \/>\nSales Support Engineer. Als Sales Support Engineer sta ik tussen mijn sales-collega\u2019s en heb ik nauw contact met onze afdeling engineering en ook met onze klanten. Regelmatig maak ik de afspraken met klanten omtrent de productie en planning van de door hen bestelde producten. Ook stem ik de leveringen met hen af.<\/p>\n<p><strong>Wat maakt voor jou het werken bij Veenstra Technology leuk?<\/strong><br \/>\nDe diversiteit van mijn werk en de collegialiteit binnen het gehele bedrijf maakt het werken bij Veenstra Technology interessant. Daarnaast is het ook nog eens bijzonder gezellig met de collega\u2019s onder elkaar.[\/vc_column_text][\/vc_column][vc_column width=&#8220;1\/3&#8243;][vc_single_image image=&#8220;4272&#8243; css=&#8220;.vc_custom_1626865175277{border-radius: 10px !important;}&#8220;][\/vc_column][\/vc_row][\/vc_section][vc_section full_width=&#8220;stretch_row&#8220; el_class=&#8220;veenstra__padding veenstra__footer veenstra__boxed product&#8220; css=&#8220;.vc_custom_1614936142813{background-color: rgba(0,75,123,0.05) !important;*background-color: rgb(0,75,123) !important;}&#8220;][vc_row equal_height=&#8220;yes&#8220;][vc_column width=&#8220;7\/12&#8243;][vc_column_text]\n<h3>Mehr Informationen zu unseren Mitarbeitern?<\/h3>\n<p>Haben Sie unsere Mitarbeiter kennengelernt und m\u00f6chten Sie mehr erfahren? Bitte senden Sie uns eine Nachricht. <strong>Gerne erz\u00e4hlen wir Ihnen mehr \u00fcber das Arbeiten bei Veenstra!<\/strong>[\/vc_column_text][\/vc_column][vc_column width=&#8220;1\/12&#8243;][\/vc_column][vc_column typography_style=&#8220;white&#8220; width=&#8220;4\/12&#8243; css=&#8220;.vc_custom_1614936164894{background-color: #004b7b !important;}&#8220;][vc_column_text]\n<h3>Bitte kontaktieren sie uns<\/h3>\n[\/vc_column_text]<a href=\"mailto:technology@veenstragroup.nl\" class=\"vcex-button theme-button inline\" style=\"background:#ffffff;color:#004b7b;margin-top:10px;margin-right:10px;\" data-wpex-hover='{&quot;background&quot;:&quot;#004b7b&quot;,&quot;color&quot;:&quot;#ffffff&quot;}'><span class=\"theme-button-inner\">Uns Mailen<span class=\"vcex-icon-wrap theme-button-icon-right\"><span class=\"fas fa-envelope\" aria-hidden=\"true\"><\/span><\/span><\/span><\/a> <a href=\"tel:+31524599333\" class=\"vcex-button theme-button inline\" style=\"background:#ffffff;color:#004b7b;margin-top:10px;\" data-wpex-hover='{&quot;background&quot;:&quot;#004b7b&quot;,&quot;color&quot;:&quot;#ffffff&quot;}'><span class=\"theme-button-inner\">Anrufen<span class=\"vcex-icon-wrap theme-button-icon-right\"><span class=\"fas fa-phone\" aria-hidden=\"true\"><\/span><\/span><\/span><\/a> [\/vc_column][\/vc_row][\/vc_section]\n","protected":false},"excerpt":{"rendered":"<p>&#8218;Viel Abwechslung in der Arbeit und gute Kollegialit\u00e4t&#8216;<\/p>\n","protected":false},"author":3,"featured_media":4272,"parent":4496,"menu_order":34,"comment_status":"closed","ping_status":"closed","template":"","meta":{"footnotes":""},"categories":[95],"class_list":["post-4623","page","type-page","status-publish","has-post-thumbnail","hentry","category-mitarbeiter","entry","has-media"],"yoast_head":"<!-- This site is optimized with the Yoast SEO plugin v27.3 - https:\/\/yoast.com\/product\/yoast-seo-wordpress\/ -->\n<title>Rijk &#187; Veenstra Technology<\/title>\n<meta name=\"robots\" content=\"index, follow, max-snippet:-1, max-image-preview:large, max-video-preview:-1\" \/>\n<link rel=\"canonical\" href=\"https:\/\/www.veenstratechnology.nl\/medewerkers\/rijk\/\" \/>\n<meta property=\"og:locale\" content=\"de_DE\" \/>\n<meta property=\"og:type\" content=\"article\" \/>\n<meta property=\"og:title\" content=\"Rijk &#187; Veenstra Technology\" \/>\n<meta property=\"og:description\" content=\"&#039;Viel Abwechslung in der Arbeit und gute Kollegialit\u00e4t&#039;\" \/>\n<meta property=\"og:url\" content=\"https:\/\/www.veenstratechnology.nl\/medewerkers\/rijk\/\" \/>\n<meta property=\"og:site_name\" content=\"Veenstra Technology\" \/>\n<meta property=\"article:modified_time\" content=\"2021-07-23T13:03:55+00:00\" \/>\n<meta property=\"og:image\" content=\"https:\/\/www.veenstratechnology.nl\/wp-content\/uploads\/2021\/07\/Rijk.png\" \/>\n\t<meta property=\"og:image:width\" content=\"400\" \/>\n\t<meta property=\"og:image:height\" content=\"550\" \/>\n\t<meta property=\"og:image:type\" content=\"image\/png\" \/>\n<meta name=\"twitter:card\" content=\"summary_large_image\" \/>\n<meta name=\"twitter:label1\" content=\"Gesch\u00e4tzte Lesezeit\" \/>\n\t<meta name=\"twitter:data1\" content=\"3\u00a0Minuten\" \/>\n<script type=\"application\/ld+json\" class=\"yoast-schema-graph\">{\"@context\":\"https:\\\/\\\/schema.org\",\"@graph\":[{\"@type\":\"WebPage\",\"@id\":\"https:\\\/\\\/www.veenstratechnology.nl\\\/medewerkers\\\/rijk\\\/\",\"url\":\"https:\\\/\\\/www.veenstratechnology.nl\\\/medewerkers\\\/rijk\\\/\",\"name\":\"Rijk &#187; Veenstra Technology\",\"isPartOf\":{\"@id\":\"https:\\\/\\\/www.veenstratechnology.nl\\\/de\\\/#website\"},\"primaryImageOfPage\":{\"@id\":\"https:\\\/\\\/www.veenstratechnology.nl\\\/medewerkers\\\/rijk\\\/#primaryimage\"},\"image\":{\"@id\":\"https:\\\/\\\/www.veenstratechnology.nl\\\/medewerkers\\\/rijk\\\/#primaryimage\"},\"thumbnailUrl\":\"https:\\\/\\\/www.veenstratechnology.nl\\\/wp-content\\\/uploads\\\/2021\\\/07\\\/Rijk.png\",\"datePublished\":\"2021-07-23T13:00:13+00:00\",\"dateModified\":\"2021-07-23T13:03:55+00:00\",\"breadcrumb\":{\"@id\":\"https:\\\/\\\/www.veenstratechnology.nl\\\/medewerkers\\\/rijk\\\/#breadcrumb\"},\"inLanguage\":\"de\",\"potentialAction\":[{\"@type\":\"ReadAction\",\"target\":[\"https:\\\/\\\/www.veenstratechnology.nl\\\/medewerkers\\\/rijk\\\/\"]}]},{\"@type\":\"ImageObject\",\"inLanguage\":\"de\",\"@id\":\"https:\\\/\\\/www.veenstratechnology.nl\\\/medewerkers\\\/rijk\\\/#primaryimage\",\"url\":\"https:\\\/\\\/www.veenstratechnology.nl\\\/wp-content\\\/uploads\\\/2021\\\/07\\\/Rijk.png\",\"contentUrl\":\"https:\\\/\\\/www.veenstratechnology.nl\\\/wp-content\\\/uploads\\\/2021\\\/07\\\/Rijk.png\",\"width\":400,\"height\":550},{\"@type\":\"BreadcrumbList\",\"@id\":\"https:\\\/\\\/www.veenstratechnology.nl\\\/medewerkers\\\/rijk\\\/#breadcrumb\",\"itemListElement\":[{\"@type\":\"ListItem\",\"position\":1,\"name\":\"Home\",\"item\":\"https:\\\/\\\/www.veenstratechnology.nl\\\/\"},{\"@type\":\"ListItem\",\"position\":2,\"name\":\"Unsere Mitarbeiter\",\"item\":\"https:\\\/\\\/www.veenstratechnology.nl\\\/medewerkers\\\/\"},{\"@type\":\"ListItem\",\"position\":3,\"name\":\"Rijk\"}]},{\"@type\":\"WebSite\",\"@id\":\"https:\\\/\\\/www.veenstratechnology.nl\\\/de\\\/#website\",\"url\":\"https:\\\/\\\/www.veenstratechnology.nl\\\/de\\\/\",\"name\":\"Veenstra Technology\",\"description\":\"\",\"publisher\":{\"@id\":\"https:\\\/\\\/www.veenstratechnology.nl\\\/de\\\/#organization\"},\"potentialAction\":[{\"@type\":\"SearchAction\",\"target\":{\"@type\":\"EntryPoint\",\"urlTemplate\":\"https:\\\/\\\/www.veenstratechnology.nl\\\/de\\\/?s={search_term_string}\"},\"query-input\":{\"@type\":\"PropertyValueSpecification\",\"valueRequired\":true,\"valueName\":\"search_term_string\"}}],\"inLanguage\":\"de\"},{\"@type\":\"Organization\",\"@id\":\"https:\\\/\\\/www.veenstratechnology.nl\\\/de\\\/#organization\",\"name\":\"Veenstra Technology\",\"url\":\"https:\\\/\\\/www.veenstratechnology.nl\\\/de\\\/\",\"logo\":{\"@type\":\"ImageObject\",\"inLanguage\":\"de\",\"@id\":\"https:\\\/\\\/www.veenstratechnology.nl\\\/de\\\/#\\\/schema\\\/logo\\\/image\\\/\",\"url\":\"https:\\\/\\\/www.veenstratechnology.nl\\\/wp-content\\\/uploads\\\/2021\\\/02\\\/veenstra-technology-logo-fullcolor.svg\",\"contentUrl\":\"https:\\\/\\\/www.veenstratechnology.nl\\\/wp-content\\\/uploads\\\/2021\\\/02\\\/veenstra-technology-logo-fullcolor.svg\",\"width\":1,\"height\":1,\"caption\":\"Veenstra Technology\"},\"image\":{\"@id\":\"https:\\\/\\\/www.veenstratechnology.nl\\\/de\\\/#\\\/schema\\\/logo\\\/image\\\/\"}}]}<\/script>\n<!-- \/ Yoast SEO plugin. -->","yoast_head_json":{"title":"Rijk &#187; Veenstra Technology","robots":{"index":"index","follow":"follow","max-snippet":"max-snippet:-1","max-image-preview":"max-image-preview:large","max-video-preview":"max-video-preview:-1"},"canonical":"https:\/\/www.veenstratechnology.nl\/medewerkers\/rijk\/","og_locale":"de_DE","og_type":"article","og_title":"Rijk &#187; Veenstra Technology","og_description":"'Viel Abwechslung in der Arbeit und gute Kollegialit\u00e4t'","og_url":"https:\/\/www.veenstratechnology.nl\/medewerkers\/rijk\/","og_site_name":"Veenstra Technology","article_modified_time":"2021-07-23T13:03:55+00:00","og_image":[{"width":400,"height":550,"url":"https:\/\/www.veenstratechnology.nl\/wp-content\/uploads\/2021\/07\/Rijk.png","type":"image\/png"}],"twitter_card":"summary_large_image","twitter_misc":{"Gesch\u00e4tzte Lesezeit":"3\u00a0Minuten"},"schema":{"@context":"https:\/\/schema.org","@graph":[{"@type":"WebPage","@id":"https:\/\/www.veenstratechnology.nl\/medewerkers\/rijk\/","url":"https:\/\/www.veenstratechnology.nl\/medewerkers\/rijk\/","name":"Rijk &#187; Veenstra Technology","isPartOf":{"@id":"https:\/\/www.veenstratechnology.nl\/de\/#website"},"primaryImageOfPage":{"@id":"https:\/\/www.veenstratechnology.nl\/medewerkers\/rijk\/#primaryimage"},"image":{"@id":"https:\/\/www.veenstratechnology.nl\/medewerkers\/rijk\/#primaryimage"},"thumbnailUrl":"https:\/\/www.veenstratechnology.nl\/wp-content\/uploads\/2021\/07\/Rijk.png","datePublished":"2021-07-23T13:00:13+00:00","dateModified":"2021-07-23T13:03:55+00:00","breadcrumb":{"@id":"https:\/\/www.veenstratechnology.nl\/medewerkers\/rijk\/#breadcrumb"},"inLanguage":"de","potentialAction":[{"@type":"ReadAction","target":["https:\/\/www.veenstratechnology.nl\/medewerkers\/rijk\/"]}]},{"@type":"ImageObject","inLanguage":"de","@id":"https:\/\/www.veenstratechnology.nl\/medewerkers\/rijk\/#primaryimage","url":"https:\/\/www.veenstratechnology.nl\/wp-content\/uploads\/2021\/07\/Rijk.png","contentUrl":"https:\/\/www.veenstratechnology.nl\/wp-content\/uploads\/2021\/07\/Rijk.png","width":400,"height":550},{"@type":"BreadcrumbList","@id":"https:\/\/www.veenstratechnology.nl\/medewerkers\/rijk\/#breadcrumb","itemListElement":[{"@type":"ListItem","position":1,"name":"Home","item":"https:\/\/www.veenstratechnology.nl\/"},{"@type":"ListItem","position":2,"name":"Unsere Mitarbeiter","item":"https:\/\/www.veenstratechnology.nl\/medewerkers\/"},{"@type":"ListItem","position":3,"name":"Rijk"}]},{"@type":"WebSite","@id":"https:\/\/www.veenstratechnology.nl\/de\/#website","url":"https:\/\/www.veenstratechnology.nl\/de\/","name":"Veenstra Technology","description":"","publisher":{"@id":"https:\/\/www.veenstratechnology.nl\/de\/#organization"},"potentialAction":[{"@type":"SearchAction","target":{"@type":"EntryPoint","urlTemplate":"https:\/\/www.veenstratechnology.nl\/de\/?s={search_term_string}"},"query-input":{"@type":"PropertyValueSpecification","valueRequired":true,"valueName":"search_term_string"}}],"inLanguage":"de"},{"@type":"Organization","@id":"https:\/\/www.veenstratechnology.nl\/de\/#organization","name":"Veenstra Technology","url":"https:\/\/www.veenstratechnology.nl\/de\/","logo":{"@type":"ImageObject","inLanguage":"de","@id":"https:\/\/www.veenstratechnology.nl\/de\/#\/schema\/logo\/image\/","url":"https:\/\/www.veenstratechnology.nl\/wp-content\/uploads\/2021\/02\/veenstra-technology-logo-fullcolor.svg","contentUrl":"https:\/\/www.veenstratechnology.nl\/wp-content\/uploads\/2021\/02\/veenstra-technology-logo-fullcolor.svg","width":1,"height":1,"caption":"Veenstra Technology"},"image":{"@id":"https:\/\/www.veenstratechnology.nl\/de\/#\/schema\/logo\/image\/"}}]}},"_links":{"self":[{"href":"https:\/\/www.veenstratechnology.nl\/de\/wp-json\/wp\/v2\/pages\/4623","targetHints":{"allow":["GET"]}}],"collection":[{"href":"https:\/\/www.veenstratechnology.nl\/de\/wp-json\/wp\/v2\/pages"}],"about":[{"href":"https:\/\/www.veenstratechnology.nl\/de\/wp-json\/wp\/v2\/types\/page"}],"author":[{"embeddable":true,"href":"https:\/\/www.veenstratechnology.nl\/de\/wp-json\/wp\/v2\/users\/3"}],"replies":[{"embeddable":true,"href":"https:\/\/www.veenstratechnology.nl\/de\/wp-json\/wp\/v2\/comments?post=4623"}],"version-history":[{"count":7,"href":"https:\/\/www.veenstratechnology.nl\/de\/wp-json\/wp\/v2\/pages\/4623\/revisions"}],"predecessor-version":[{"id":4634,"href":"https:\/\/www.veenstratechnology.nl\/de\/wp-json\/wp\/v2\/pages\/4623\/revisions\/4634"}],"up":[{"embeddable":true,"href":"https:\/\/www.veenstratechnology.nl\/de\/wp-json\/wp\/v2\/pages\/4496"}],"wp:featuredmedia":[{"embeddable":true,"href":"https:\/\/www.veenstratechnology.nl\/de\/wp-json\/wp\/v2\/media\/4272"}],"wp:attachment":[{"href":"https:\/\/www.veenstratechnology.nl\/de\/wp-json\/wp\/v2\/media?parent=4623"}],"wp:term":[{"taxonomy":"category","embeddable":true,"href":"https:\/\/www.veenstratechnology.nl\/de\/wp-json\/wp\/v2\/categories?post=4623"}],"curies":[{"name":"wp","href":"https:\/\/api.w.org\/{rel}","templated":true}]}}